{"id":831,"date":"2025-04-15T18:23:48","date_gmt":"2025-04-15T18:23:48","guid":{"rendered":"https:\/\/www.aliagro.com.mx\/web\/?page_id=831"},"modified":"2025-04-15T18:24:50","modified_gmt":"2025-04-15T18:24:50","slug":"nutrital-cabo","status":"publish","type":"page","link":"https:\/\/www.aliagro.com.mx\/web\/nutrital-cabo\/","title":{"rendered":"Nutrital CaBo"},"content":{"rendered":"\t\t<div data-elementor-type=\"wp-page\" data-elementor-id=\"831\" class=\"elementor elementor-831\">\n\t\t\t\t<div class=\"elementor-element elementor-element-4960e0a e-flex e-con-boxed e-con e-parent\" data-id=\"4960e0a\" data-element_type=\"container\" data-e-type=\"container\" data-settings=\"{&quot;background_background&quot;:&quot;classic&quot;}\">\n\t\t\t\t\t<div class=\"e-con-inner\">\n\t\t<div class=\"elementor-element elementor-element-d49c555 e-con-full e-flex e-con e-child\" data-id=\"d49c555\" data-element_type=\"container\" data-e-type=\"container\">\n\t\t\t\t<div class=\"elementor-element elementor-element-2ff22f6 elementor-widget elementor-widget-image\" data-id=\"2ff22f6\" data-element_type=\"widget\" data-e-type=\"widget\" data-widget_type=\"image.default\">\n\t\t\t\t<div class=\"elementor-widget-container\">\n\t\t\t\t\t\t\t\t\t\t\t\t\t\t\t<img fetchpriority=\"high\" decoding=\"async\" width=\"1024\" height=\"441\" src=\"https:\/\/www.aliagro.com.mx\/web\/wp-content\/uploads\/2025\/04\/CaBo-Logo-1024x441.png\" class=\"attachment-large size-large wp-image-802\" alt=\"\" srcset=\"https:\/\/www.aliagro.com.mx\/web\/wp-content\/uploads\/2025\/04\/CaBo-Logo-1024x441.png 1024w, https:\/\/www.aliagro.com.mx\/web\/wp-content\/uploads\/2025\/04\/CaBo-Logo-300x129.png 300w, https:\/\/www.aliagro.com.mx\/web\/wp-content\/uploads\/2025\/04\/CaBo-Logo-768x331.png 768w, https:\/\/www.aliagro.com.mx\/web\/wp-content\/uploads\/2025\/04\/CaBo-Logo-1536x661.png 1536w, https:\/\/www.aliagro.com.mx\/web\/wp-content\/uploads\/2025\/04\/CaBo-Logo-2048x882.png 2048w\" sizes=\"(max-width: 1024px) 100vw, 1024px\" \/>\t\t\t\t\t\t\t\t\t\t\t\t\t\t\t<\/div>\n\t\t\t\t<\/div>\n\t\t\t\t<div class=\"elementor-element elementor-element-ac089ea elementor-widget elementor-widget-text-editor\" data-id=\"ac089ea\" data-element_type=\"widget\" data-e-type=\"widget\" data-widget_type=\"text-editor.default\">\n\t\t\t\t<div class=\"elementor-widget-container\">\n\t\t\t\t\t\t\t\t\t<p>Calcio (CaO)\u00a0<br \/>Boro (B)<br \/>Nitr\u00f3geno (N)<\/p>\t\t\t\t\t\t\t\t<\/div>\n\t\t\t\t<\/div>\n\t\t\t\t<\/div>\n\t\t<div class=\"elementor-element elementor-element-4dece99 e-con-full e-flex e-con e-child\" data-id=\"4dece99\" data-element_type=\"container\" data-e-type=\"container\" data-settings=\"{&quot;background_background&quot;:&quot;classic&quot;}\">\n\t\t\t\t<div class=\"elementor-element elementor-element-b5ddeea elementor-widget elementor-widget-image\" data-id=\"b5ddeea\" data-element_type=\"widget\" data-e-type=\"widget\" data-widget_type=\"image.default\">\n\t\t\t\t<div class=\"elementor-widget-container\">\n\t\t\t\t\t\t\t\t\t\t\t\t\t\t\t<img decoding=\"async\" width=\"1024\" height=\"1024\" src=\"https:\/\/www.aliagro.com.mx\/web\/wp-content\/uploads\/2025\/03\/CaBo-1024x1024.png\" class=\"attachment-large size-large wp-image-156\" alt=\"\" srcset=\"https:\/\/www.aliagro.com.mx\/web\/wp-content\/uploads\/2025\/03\/CaBo-1024x1024.png 1024w, https:\/\/www.aliagro.com.mx\/web\/wp-content\/uploads\/2025\/03\/CaBo-300x300.png 300w, https:\/\/www.aliagro.com.mx\/web\/wp-content\/uploads\/2025\/03\/CaBo-150x150.png 150w, https:\/\/www.aliagro.com.mx\/web\/wp-content\/uploads\/2025\/03\/CaBo-768x768.png 768w, https:\/\/www.aliagro.com.mx\/web\/wp-content\/uploads\/2025\/03\/CaBo-1536x1536.png 1536w, https:\/\/www.aliagro.com.mx\/web\/wp-content\/uploads\/2025\/03\/CaBo-2048x2048.png 2048w\" sizes=\"(max-width: 1024px) 100vw, 1024px\" \/>\t\t\t\t\t\t\t\t\t\t\t\t\t\t\t<\/div>\n\t\t\t\t<\/div>\n\t\t\t\t<\/div>\n\t\t\t\t\t<\/div>\n\t\t\t\t<\/div>\n\t\t<div class=\"elementor-element elementor-element-dd69f64 e-flex e-con-boxed e-con e-parent\" data-id=\"dd69f64\" data-element_type=\"container\" data-e-type=\"container\">\n\t\t\t\t\t<div class=\"e-con-inner\">\n\t\t<div class=\"elementor-element elementor-element-4a86166 e-con-full e-flex e-con e-child\" data-id=\"4a86166\" data-element_type=\"container\" data-e-type=\"container\">\n\t\t<div class=\"elementor-element elementor-element-355fe1b e-con-full e-flex e-con e-child\" data-id=\"355fe1b\" data-element_type=\"container\" data-e-type=\"container\">\n\t\t\t\t<div class=\"elementor-element elementor-element-597c644 elementor-widget elementor-widget-heading\" data-id=\"597c644\" data-element_type=\"widget\" data-e-type=\"widget\" data-widget_type=\"heading.default\">\n\t\t\t\t<div class=\"elementor-widget-container\">\n\t\t\t\t\t<h2 class=\"elementor-heading-title elementor-size-default\">Descripci\u00f3n del producto<\/h2>\t\t\t\t<\/div>\n\t\t\t\t<\/div>\n\t\t\t\t<div class=\"elementor-element elementor-element-cb9fb94 elementor-widget elementor-widget-text-editor\" data-id=\"cb9fb94\" data-element_type=\"widget\" data-e-type=\"widget\" data-widget_type=\"text-editor.default\">\n\t\t\t\t<div class=\"elementor-widget-container\">\n\t\t\t\t\t\t\t\t\t<p>Complejo l\u00edquido soluble, preventivo y corrector de carencias de Calcio y o Boro que act\u00faan facilitando el transporte de az\u00facares y act\u00faan en etapas de polinizaci\u00f3n, amarre de flor, cuajado y crecimiento de frutos, d\u00e1ndoles mayor firmeza, tama\u00f1o, color y sabor. La asociaci\u00f3n de Calcio \/ Boro brinda mejor calidad y vida postcosecha al fruto.<\/p>\t\t\t\t\t\t\t\t<\/div>\n\t\t\t\t<\/div>\n\t\t\t\t<div class=\"elementor-element elementor-element-646355e elementor-widget elementor-widget-heading\" data-id=\"646355e\" data-element_type=\"widget\" data-e-type=\"widget\" data-widget_type=\"heading.default\">\n\t\t\t\t<div class=\"elementor-widget-container\">\n\t\t\t\t\t<h2 class=\"elementor-heading-title elementor-size-default\">M\u00e1s productos<\/h2>\t\t\t\t<\/div>\n\t\t\t\t<\/div>\n\t\t\t\t<\/div>\n\t\t<div class=\"elementor-element elementor-element-8632333 e-con-full e-flex e-con e-child\" data-id=\"8632333\" data-element_type=\"container\" data-e-type=\"container\">\n\t\t<div class=\"elementor-element elementor-element-8bac12e e-grid e-con-full elementor-invisible e-con e-child\" data-id=\"8bac12e\" data-element_type=\"container\" data-e-type=\"container\" data-settings=\"{&quot;animation&quot;:&quot;fadeInLeft&quot;}\">\n\t\t\t\t<div class=\"elementor-element elementor-element-fb1e9fe elementor-widget elementor-widget-image\" data-id=\"fb1e9fe\" data-element_type=\"widget\" data-e-type=\"widget\" data-widget_type=\"image.default\">\n\t\t\t\t<div class=\"elementor-widget-container\">\n\t\t\t\t\t\t\t\t\t\t\t\t\t\t\t\t<a href=\"https:\/\/www.aliagro.com.mx\/web\/insecticidas\/\">\n\t\t\t\t\t\t\t<img decoding=\"async\" width=\"417\" height=\"1024\" src=\"https:\/\/www.aliagro.com.mx\/web\/wp-content\/uploads\/2025\/03\/1-417x1024.png\" class=\"elementor-animation-grow attachment-large size-large wp-image-57\" alt=\"\" srcset=\"https:\/\/www.aliagro.com.mx\/web\/wp-content\/uploads\/2025\/03\/1-417x1024.png 417w, https:\/\/www.aliagro.com.mx\/web\/wp-content\/uploads\/2025\/03\/1-122x300.png 122w, https:\/\/www.aliagro.com.mx\/web\/wp-content\/uploads\/2025\/03\/1.png 440w\" sizes=\"(max-width: 417px) 100vw, 417px\" \/>\t\t\t\t\t\t\t\t<\/a>\n\t\t\t\t\t\t\t\t\t\t\t\t\t\t\t<\/div>\n\t\t\t\t<\/div>\n\t\t\t\t<div class=\"elementor-element elementor-element-c17c136 elementor-widget elementor-widget-image\" data-id=\"c17c136\" data-element_type=\"widget\" data-e-type=\"widget\" data-widget_type=\"image.default\">\n\t\t\t\t<div class=\"elementor-widget-container\">\n\t\t\t\t\t\t\t\t\t\t\t\t\t\t\t\t<a href=\"https:\/\/www.aliagro.com.mx\/web\/acaricidas\/\">\n\t\t\t\t\t\t\t<img loading=\"lazy\" decoding=\"async\" width=\"417\" height=\"1024\" src=\"https:\/\/www.aliagro.com.mx\/web\/wp-content\/uploads\/2025\/03\/4-417x1024.png\" class=\"elementor-animation-grow attachment-large size-large wp-image-63\" alt=\"\" srcset=\"https:\/\/www.aliagro.com.mx\/web\/wp-content\/uploads\/2025\/03\/4-417x1024.png 417w, https:\/\/www.aliagro.com.mx\/web\/wp-content\/uploads\/2025\/03\/4-122x300.png 122w, https:\/\/www.aliagro.com.mx\/web\/wp-content\/uploads\/2025\/03\/4.png 440w\" sizes=\"(max-width: 417px) 100vw, 417px\" \/>\t\t\t\t\t\t\t\t<\/a>\n\t\t\t\t\t\t\t\t\t\t\t\t\t\t\t<\/div>\n\t\t\t\t<\/div>\n\t\t\t\t<div class=\"elementor-element elementor-element-510f6ed elementor-widget elementor-widget-image\" data-id=\"510f6ed\" data-element_type=\"widget\" data-e-type=\"widget\" data-widget_type=\"image.default\">\n\t\t\t\t<div class=\"elementor-widget-container\">\n\t\t\t\t\t\t\t\t\t\t\t\t\t\t\t\t<a href=\"https:\/\/www.aliagro.com.mx\/web\/fungicidas\/\">\n\t\t\t\t\t\t\t<img loading=\"lazy\" decoding=\"async\" width=\"417\" height=\"1024\" src=\"https:\/\/www.aliagro.com.mx\/web\/wp-content\/uploads\/2025\/03\/2-417x1024.png\" class=\"elementor-animation-grow attachment-large size-large wp-image-61\" alt=\"\" srcset=\"https:\/\/www.aliagro.com.mx\/web\/wp-content\/uploads\/2025\/03\/2-417x1024.png 417w, https:\/\/www.aliagro.com.mx\/web\/wp-content\/uploads\/2025\/03\/2-122x300.png 122w, https:\/\/www.aliagro.com.mx\/web\/wp-content\/uploads\/2025\/03\/2.png 440w\" sizes=\"(max-width: 417px) 100vw, 417px\" \/>\t\t\t\t\t\t\t\t<\/a>\n\t\t\t\t\t\t\t\t\t\t\t\t\t\t\t<\/div>\n\t\t\t\t<\/div>\n\t\t\t\t<div class=\"elementor-element elementor-element-0a50273 elementor-widget elementor-widget-image\" data-id=\"0a50273\" data-element_type=\"widget\" data-e-type=\"widget\" data-widget_type=\"image.default\">\n\t\t\t\t<div class=\"elementor-widget-container\">\n\t\t\t\t\t\t\t\t\t\t\t\t\t\t\t\t<a href=\"https:\/\/www.aliagro.com.mx\/web\/bactericidas\/\">\n\t\t\t\t\t\t\t<img loading=\"lazy\" decoding=\"async\" width=\"417\" height=\"1024\" src=\"https:\/\/www.aliagro.com.mx\/web\/wp-content\/uploads\/2025\/03\/7-417x1024.png\" class=\"elementor-animation-grow attachment-large size-large wp-image-59\" alt=\"\" srcset=\"https:\/\/www.aliagro.com.mx\/web\/wp-content\/uploads\/2025\/03\/7-417x1024.png 417w, https:\/\/www.aliagro.com.mx\/web\/wp-content\/uploads\/2025\/03\/7-122x300.png 122w, https:\/\/www.aliagro.com.mx\/web\/wp-content\/uploads\/2025\/03\/7.png 440w\" sizes=\"(max-width: 417px) 100vw, 417px\" \/>\t\t\t\t\t\t\t\t<\/a>\n\t\t\t\t\t\t\t\t\t\t\t\t\t\t\t<\/div>\n\t\t\t\t<\/div>\n\t\t\t\t<div class=\"elementor-element elementor-element-027c9eb elementor-widget elementor-widget-image\" data-id=\"027c9eb\" data-element_type=\"widget\" data-e-type=\"widget\" data-widget_type=\"image.default\">\n\t\t\t\t<div class=\"elementor-widget-container\">\n\t\t\t\t\t\t\t\t\t\t\t\t\t\t\t\t<a href=\"https:\/\/www.aliagro.com.mx\/web\/nutricion-vegetal\/\">\n\t\t\t\t\t\t\t<img loading=\"lazy\" decoding=\"async\" width=\"417\" height=\"1024\" src=\"https:\/\/www.aliagro.com.mx\/web\/wp-content\/uploads\/2025\/03\/6-417x1024.png\" class=\"elementor-animation-grow attachment-large size-large wp-image-58\" alt=\"\" srcset=\"https:\/\/www.aliagro.com.mx\/web\/wp-content\/uploads\/2025\/03\/6-417x1024.png 417w, https:\/\/www.aliagro.com.mx\/web\/wp-content\/uploads\/2025\/03\/6-122x300.png 122w, https:\/\/www.aliagro.com.mx\/web\/wp-content\/uploads\/2025\/03\/6.png 440w\" sizes=\"(max-width: 417px) 100vw, 417px\" \/>\t\t\t\t\t\t\t\t<\/a>\n\t\t\t\t\t\t\t\t\t\t\t\t\t\t\t<\/div>\n\t\t\t\t<\/div>\n\t\t\t\t<div class=\"elementor-element elementor-element-1bfde22 elementor-widget elementor-widget-image\" data-id=\"1bfde22\" data-element_type=\"widget\" data-e-type=\"widget\" data-widget_type=\"image.default\">\n\t\t\t\t<div class=\"elementor-widget-container\">\n\t\t\t\t\t\t\t\t\t\t\t\t\t\t\t\t<a href=\"https:\/\/www.aliagro.com.mx\/web\/coadyuvantes-agricolas\/\">\n\t\t\t\t\t\t\t<img loading=\"lazy\" decoding=\"async\" width=\"417\" height=\"1024\" src=\"https:\/\/www.aliagro.com.mx\/web\/wp-content\/uploads\/2025\/03\/8-417x1024.png\" class=\"elementor-animation-grow attachment-large size-large wp-image-60\" alt=\"\" srcset=\"https:\/\/www.aliagro.com.mx\/web\/wp-content\/uploads\/2025\/03\/8-417x1024.png 417w, https:\/\/www.aliagro.com.mx\/web\/wp-content\/uploads\/2025\/03\/8-122x300.png 122w, https:\/\/www.aliagro.com.mx\/web\/wp-content\/uploads\/2025\/03\/8.png 440w\" sizes=\"(max-width: 417px) 100vw, 417px\" \/>\t\t\t\t\t\t\t\t<\/a>\n\t\t\t\t\t\t\t\t\t\t\t\t\t\t\t<\/div>\n\t\t\t\t<\/div>\n\t\t\t\t<div class=\"elementor-element elementor-element-c3267db elementor-widget elementor-widget-image\" data-id=\"c3267db\" data-element_type=\"widget\" data-e-type=\"widget\" data-widget_type=\"image.default\">\n\t\t\t\t<div class=\"elementor-widget-container\">\n\t\t\t\t\t\t\t\t\t\t\t\t\t\t\t\t<a href=\"https:\/\/www.aliagro.com.mx\/web\/bioestimulantes\/\">\n\t\t\t\t\t\t\t<img loading=\"lazy\" decoding=\"async\" width=\"417\" height=\"1024\" src=\"https:\/\/www.aliagro.com.mx\/web\/wp-content\/uploads\/2025\/03\/5-417x1024.png\" class=\"elementor-animation-grow attachment-large size-large wp-image-64\" alt=\"\" srcset=\"https:\/\/www.aliagro.com.mx\/web\/wp-content\/uploads\/2025\/03\/5-417x1024.png 417w, https:\/\/www.aliagro.com.mx\/web\/wp-content\/uploads\/2025\/03\/5-122x300.png 122w, https:\/\/www.aliagro.com.mx\/web\/wp-content\/uploads\/2025\/03\/5.png 440w\" sizes=\"(max-width: 417px) 100vw, 417px\" \/>\t\t\t\t\t\t\t\t<\/a>\n\t\t\t\t\t\t\t\t\t\t\t\t\t\t\t<\/div>\n\t\t\t\t<\/div>\n\t\t\t\t<div class=\"elementor-element elementor-element-373d9dd elementor-widget elementor-widget-image\" data-id=\"373d9dd\" data-element_type=\"widget\" data-e-type=\"widget\" data-widget_type=\"image.default\">\n\t\t\t\t<div class=\"elementor-widget-container\">\n\t\t\t\t\t\t\t\t\t\t\t\t\t\t\t\t<a href=\"https:\/\/www.aliagro.com.mx\/web\/inductores-de-resistencia\/\">\n\t\t\t\t\t\t\t<img loading=\"lazy\" decoding=\"async\" width=\"417\" height=\"1024\" src=\"https:\/\/www.aliagro.com.mx\/web\/wp-content\/uploads\/2025\/03\/3-417x1024.png\" class=\"elementor-animation-grow attachment-large size-large wp-image-62\" alt=\"\" srcset=\"https:\/\/www.aliagro.com.mx\/web\/wp-content\/uploads\/2025\/03\/3-417x1024.png 417w, https:\/\/www.aliagro.com.mx\/web\/wp-content\/uploads\/2025\/03\/3-122x300.png 122w, https:\/\/www.aliagro.com.mx\/web\/wp-content\/uploads\/2025\/03\/3.png 440w\" sizes=\"(max-width: 417px) 100vw, 417px\" \/>\t\t\t\t\t\t\t\t<\/a>\n\t\t\t\t\t\t\t\t\t\t\t\t\t\t\t<\/div>\n\t\t\t\t<\/div>\n\t\t\t\t<\/div>\n\t\t\t\t<\/div>\n\t\t\t\t<\/div>\n\t\t\t\t\t<\/div>\n\t\t\t\t<\/div>\n\t\t\t\t<\/div>\n\t\t","protected":false},"excerpt":{"rendered":"<p>Calcio (CaO)\u00a0Boro (B)Nitr\u00f3geno (N) Descripci\u00f3n del producto Complejo l\u00edquido soluble, preventivo y corrector de carencias de Calcio y o Boro que act\u00faan facilitando el transporte de az\u00facares y act\u00faan en etapas de polinizaci\u00f3n, amarre de flor, cuajado y crecimiento de frutos, d\u00e1ndoles mayor firmeza, tama\u00f1o, color y sabor. La asociaci\u00f3n de Calcio \/ Boro brinda [&hellip;]<\/p>\n","protected":false},"author":2,"featured_media":0,"parent":0,"menu_order":0,"comment_status":"closed","ping_status":"closed","template":"elementor_header_footer","meta":{"footnotes":""},"class_list":["post-831","page","type-page","status-publish","hentry"],"_links":{"self":[{"href":"https:\/\/www.aliagro.com.mx\/web\/wp-json\/wp\/v2\/pages\/831","targetHints":{"allow":["GET"]}}],"collection":[{"href":"https:\/\/www.aliagro.com.mx\/web\/wp-json\/wp\/v2\/pages"}],"about":[{"href":"https:\/\/www.aliagro.com.mx\/web\/wp-json\/wp\/v2\/types\/page"}],"author":[{"embeddable":true,"href":"https:\/\/www.aliagro.com.mx\/web\/wp-json\/wp\/v2\/users\/2"}],"replies":[{"embeddable":true,"href":"https:\/\/www.aliagro.com.mx\/web\/wp-json\/wp\/v2\/comments?post=831"}],"version-history":[{"count":4,"href":"https:\/\/www.aliagro.com.mx\/web\/wp-json\/wp\/v2\/pages\/831\/revisions"}],"predecessor-version":[{"id":835,"href":"https:\/\/www.aliagro.com.mx\/web\/wp-json\/wp\/v2\/pages\/831\/revisions\/835"}],"wp:attachment":[{"href":"https:\/\/www.aliagro.com.mx\/web\/wp-json\/wp\/v2\/media?parent=831"}],"curies":[{"name":"wp","href":"https:\/\/api.w.org\/{rel}","templated":true}]}}