{"id":624,"date":"2025-04-15T15:30:49","date_gmt":"2025-04-15T15:30:49","guid":{"rendered":"https:\/\/www.aliagro.com.mx\/web\/?page_id=624"},"modified":"2025-04-15T15:39:38","modified_gmt":"2025-04-15T15:39:38","slug":"ultrachem-2","status":"publish","type":"page","link":"https:\/\/www.aliagro.com.mx\/web\/ultrachem-2\/","title":{"rendered":"UltraChem"},"content":{"rendered":"\t\t<div data-elementor-type=\"wp-page\" data-elementor-id=\"624\" class=\"elementor elementor-624\">\n\t\t\t\t<div class=\"elementor-element elementor-element-85e7911 e-flex e-con-boxed e-con e-parent\" data-id=\"85e7911\" data-element_type=\"container\" data-e-type=\"container\">\n\t\t\t\t\t<div class=\"e-con-inner\">\n\t\t<div class=\"elementor-element elementor-element-169a947 e-con-full e-flex e-con e-child\" data-id=\"169a947\" data-element_type=\"container\" data-e-type=\"container\" data-settings=\"{&quot;background_background&quot;:&quot;classic&quot;}\">\n\t\t<div class=\"elementor-element elementor-element-eb6c6ea e-con-full e-flex e-con e-child\" data-id=\"eb6c6ea\" data-element_type=\"container\" data-e-type=\"container\">\n\t\t\t\t<div class=\"elementor-element elementor-element-986778c elementor-widget elementor-widget-image\" data-id=\"986778c\" data-element_type=\"widget\" data-e-type=\"widget\" data-widget_type=\"image.default\">\n\t\t\t\t<div class=\"elementor-widget-container\">\n\t\t\t\t\t\t\t\t\t\t\t\t\t\t\t<img fetchpriority=\"high\" decoding=\"async\" width=\"1024\" height=\"202\" src=\"https:\/\/www.aliagro.com.mx\/web\/wp-content\/uploads\/2025\/04\/Ultra-chem-logo-1024x202.png\" class=\"attachment-large size-large wp-image-628\" alt=\"\" srcset=\"https:\/\/www.aliagro.com.mx\/web\/wp-content\/uploads\/2025\/04\/Ultra-chem-logo-1024x202.png 1024w, https:\/\/www.aliagro.com.mx\/web\/wp-content\/uploads\/2025\/04\/Ultra-chem-logo-300x59.png 300w, https:\/\/www.aliagro.com.mx\/web\/wp-content\/uploads\/2025\/04\/Ultra-chem-logo-768x152.png 768w, https:\/\/www.aliagro.com.mx\/web\/wp-content\/uploads\/2025\/04\/Ultra-chem-logo-1536x304.png 1536w, https:\/\/www.aliagro.com.mx\/web\/wp-content\/uploads\/2025\/04\/Ultra-chem-logo-2048x405.png 2048w\" sizes=\"(max-width: 1024px) 100vw, 1024px\" \/>\t\t\t\t\t\t\t\t\t\t\t\t\t\t\t<\/div>\n\t\t\t\t<\/div>\n\t\t\t\t<div class=\"elementor-element elementor-element-2bebd2b elementor-widget elementor-widget-text-editor\" data-id=\"2bebd2b\" data-element_type=\"widget\" data-e-type=\"widget\" data-widget_type=\"text-editor.default\">\n\t\t\t\t<div class=\"elementor-widget-container\">\n\t\t\t\t\t\t\t\t\t<p>Extracto de Neem<br \/><em>(Azadirachta indica)<\/em><br \/>Extracto de Canela<br \/><em>(Cinnamomun zeylanicum)<\/em><\/p>\t\t\t\t\t\t\t\t<\/div>\n\t\t\t\t<\/div>\n\t\t\t\t<\/div>\n\t\t<div class=\"elementor-element elementor-element-5d6825d e-con-full e-flex e-con e-child\" data-id=\"5d6825d\" data-element_type=\"container\" data-e-type=\"container\" data-settings=\"{&quot;background_background&quot;:&quot;classic&quot;}\">\n\t\t\t\t<div class=\"elementor-element elementor-element-ec626d3 elementor-widget elementor-widget-image\" data-id=\"ec626d3\" data-element_type=\"widget\" data-e-type=\"widget\" data-widget_type=\"image.default\">\n\t\t\t\t<div class=\"elementor-widget-container\">\n\t\t\t\t\t\t\t\t\t\t\t\t\t\t\t<img decoding=\"async\" width=\"1024\" height=\"1024\" src=\"https:\/\/www.aliagro.com.mx\/web\/wp-content\/uploads\/2025\/03\/UltraChem-1024x1024.png\" class=\"attachment-large size-large wp-image-186\" alt=\"\" srcset=\"https:\/\/www.aliagro.com.mx\/web\/wp-content\/uploads\/2025\/03\/UltraChem-1024x1024.png 1024w, https:\/\/www.aliagro.com.mx\/web\/wp-content\/uploads\/2025\/03\/UltraChem-300x300.png 300w, https:\/\/www.aliagro.com.mx\/web\/wp-content\/uploads\/2025\/03\/UltraChem-150x150.png 150w, https:\/\/www.aliagro.com.mx\/web\/wp-content\/uploads\/2025\/03\/UltraChem-768x768.png 768w, https:\/\/www.aliagro.com.mx\/web\/wp-content\/uploads\/2025\/03\/UltraChem-1536x1536.png 1536w, https:\/\/www.aliagro.com.mx\/web\/wp-content\/uploads\/2025\/03\/UltraChem-2048x2048.png 2048w\" sizes=\"(max-width: 1024px) 100vw, 1024px\" \/>\t\t\t\t\t\t\t\t\t\t\t\t\t\t\t<\/div>\n\t\t\t\t<\/div>\n\t\t\t\t<\/div>\n\t\t\t\t<\/div>\n\t\t\t\t\t<\/div>\n\t\t\t\t<\/div>\n\t\t<div class=\"elementor-element elementor-element-387f3f1 e-flex e-con-boxed e-con e-parent\" data-id=\"387f3f1\" data-element_type=\"container\" data-e-type=\"container\">\n\t\t\t\t\t<div class=\"e-con-inner\">\n\t\t<div class=\"elementor-element elementor-element-2ae63fe e-con-full e-flex e-con e-child\" data-id=\"2ae63fe\" data-element_type=\"container\" data-e-type=\"container\">\n\t\t<div class=\"elementor-element elementor-element-632e235 e-con-full e-flex e-con e-child\" data-id=\"632e235\" data-element_type=\"container\" data-e-type=\"container\">\n\t\t\t\t<div class=\"elementor-element elementor-element-8ea5bb8 elementor-widget elementor-widget-heading\" data-id=\"8ea5bb8\" data-element_type=\"widget\" data-e-type=\"widget\" data-widget_type=\"heading.default\">\n\t\t\t\t<div class=\"elementor-widget-container\">\n\t\t\t\t\t<h2 class=\"elementor-heading-title elementor-size-default\">Descripci\u00f3n del producto<\/h2>\t\t\t\t<\/div>\n\t\t\t\t<\/div>\n\t\t\t\t<div class=\"elementor-element elementor-element-1b8db5e elementor-widget elementor-widget-text-editor\" data-id=\"1b8db5e\" data-element_type=\"widget\" data-e-type=\"widget\" data-widget_type=\"text-editor.default\">\n\t\t\t\t<div class=\"elementor-widget-container\">\n\t\t\t\t\t\t\t\t\t<p>Tiene un efecto antialimentario; penetra en la planta a trav\u00e9s de los estomas y es transportado a trav\u00e9s del sistema vascular, modificando el complejo enzim\u00e1tico, transpiraci\u00f3n y cambio en los l\u00edquidos intracelulares de la planta (savia) provocando repelencia, disuasi\u00f3n de la alimentaci\u00f3n y excitaci\u00f3n del sistema nervioso, causando un enmascaramiento de las feromonas involucradas en el proceso de apareamiento.<\/p>\t\t\t\t\t\t\t\t<\/div>\n\t\t\t\t<\/div>\n\t\t\t\t<div class=\"elementor-element elementor-element-be91d65 elementor-widget elementor-widget-heading\" data-id=\"be91d65\" data-element_type=\"widget\" data-e-type=\"widget\" data-widget_type=\"heading.default\">\n\t\t\t\t<div class=\"elementor-widget-container\">\n\t\t\t\t\t<h2 class=\"elementor-heading-title elementor-size-default\">M\u00e1s productos<\/h2>\t\t\t\t<\/div>\n\t\t\t\t<\/div>\n\t\t\t\t<\/div>\n\t\t\t\t<\/div>\n\t\t\t\t\t<\/div>\n\t\t\t\t<\/div>\n\t\t<div class=\"elementor-element elementor-element-ab24c41 e-flex e-con-boxed e-con e-parent\" data-id=\"ab24c41\" data-element_type=\"container\" data-e-type=\"container\">\n\t\t\t\t\t<div class=\"e-con-inner\">\n\t\t<div class=\"elementor-element elementor-element-40a7a6b e-con-full e-flex e-con e-child\" data-id=\"40a7a6b\" data-element_type=\"container\" data-e-type=\"container\">\n\t\t<div class=\"elementor-element elementor-element-86fdc2e e-grid e-con-full elementor-invisible e-con e-child\" data-id=\"86fdc2e\" data-element_type=\"container\" data-e-type=\"container\" data-settings=\"{&quot;animation&quot;:&quot;fadeInLeft&quot;}\">\n\t\t\t\t<div class=\"elementor-element elementor-element-25ac19c elementor-widget elementor-widget-image\" data-id=\"25ac19c\" data-element_type=\"widget\" data-e-type=\"widget\" data-widget_type=\"image.default\">\n\t\t\t\t<div class=\"elementor-widget-container\">\n\t\t\t\t\t\t\t\t\t\t\t\t\t\t\t\t<a href=\"https:\/\/www.aliagro.com.mx\/web\/insecticidas\/\">\n\t\t\t\t\t\t\t<img decoding=\"async\" width=\"417\" height=\"1024\" src=\"https:\/\/www.aliagro.com.mx\/web\/wp-content\/uploads\/2025\/03\/1-417x1024.png\" class=\"elementor-animation-grow attachment-large size-large wp-image-57\" alt=\"\" srcset=\"https:\/\/www.aliagro.com.mx\/web\/wp-content\/uploads\/2025\/03\/1-417x1024.png 417w, https:\/\/www.aliagro.com.mx\/web\/wp-content\/uploads\/2025\/03\/1-122x300.png 122w, https:\/\/www.aliagro.com.mx\/web\/wp-content\/uploads\/2025\/03\/1.png 440w\" sizes=\"(max-width: 417px) 100vw, 417px\" \/>\t\t\t\t\t\t\t\t<\/a>\n\t\t\t\t\t\t\t\t\t\t\t\t\t\t\t<\/div>\n\t\t\t\t<\/div>\n\t\t\t\t<div class=\"elementor-element elementor-element-c562a0c elementor-widget elementor-widget-image\" data-id=\"c562a0c\" data-element_type=\"widget\" data-e-type=\"widget\" data-widget_type=\"image.default\">\n\t\t\t\t<div class=\"elementor-widget-container\">\n\t\t\t\t\t\t\t\t\t\t\t\t\t\t\t\t<a href=\"https:\/\/www.aliagro.com.mx\/web\/acaricidas\/\">\n\t\t\t\t\t\t\t<img loading=\"lazy\" decoding=\"async\" width=\"417\" height=\"1024\" src=\"https:\/\/www.aliagro.com.mx\/web\/wp-content\/uploads\/2025\/03\/4-417x1024.png\" class=\"elementor-animation-grow attachment-large size-large wp-image-63\" alt=\"\" srcset=\"https:\/\/www.aliagro.com.mx\/web\/wp-content\/uploads\/2025\/03\/4-417x1024.png 417w, https:\/\/www.aliagro.com.mx\/web\/wp-content\/uploads\/2025\/03\/4-122x300.png 122w, https:\/\/www.aliagro.com.mx\/web\/wp-content\/uploads\/2025\/03\/4.png 440w\" sizes=\"(max-width: 417px) 100vw, 417px\" \/>\t\t\t\t\t\t\t\t<\/a>\n\t\t\t\t\t\t\t\t\t\t\t\t\t\t\t<\/div>\n\t\t\t\t<\/div>\n\t\t\t\t<div class=\"elementor-element elementor-element-9ee97ef elementor-widget elementor-widget-image\" data-id=\"9ee97ef\" data-element_type=\"widget\" data-e-type=\"widget\" data-widget_type=\"image.default\">\n\t\t\t\t<div class=\"elementor-widget-container\">\n\t\t\t\t\t\t\t\t\t\t\t\t\t\t\t\t<a href=\"https:\/\/www.aliagro.com.mx\/web\/fungicidas\/\">\n\t\t\t\t\t\t\t<img loading=\"lazy\" decoding=\"async\" width=\"417\" height=\"1024\" src=\"https:\/\/www.aliagro.com.mx\/web\/wp-content\/uploads\/2025\/03\/2-417x1024.png\" class=\"elementor-animation-grow attachment-large size-large wp-image-61\" alt=\"\" srcset=\"https:\/\/www.aliagro.com.mx\/web\/wp-content\/uploads\/2025\/03\/2-417x1024.png 417w, https:\/\/www.aliagro.com.mx\/web\/wp-content\/uploads\/2025\/03\/2-122x300.png 122w, https:\/\/www.aliagro.com.mx\/web\/wp-content\/uploads\/2025\/03\/2.png 440w\" sizes=\"(max-width: 417px) 100vw, 417px\" \/>\t\t\t\t\t\t\t\t<\/a>\n\t\t\t\t\t\t\t\t\t\t\t\t\t\t\t<\/div>\n\t\t\t\t<\/div>\n\t\t\t\t<div class=\"elementor-element elementor-element-e251757 elementor-widget elementor-widget-image\" data-id=\"e251757\" data-element_type=\"widget\" data-e-type=\"widget\" data-widget_type=\"image.default\">\n\t\t\t\t<div class=\"elementor-widget-container\">\n\t\t\t\t\t\t\t\t\t\t\t\t\t\t\t\t<a href=\"https:\/\/www.aliagro.com.mx\/web\/bactericidas\/\">\n\t\t\t\t\t\t\t<img loading=\"lazy\" decoding=\"async\" width=\"417\" height=\"1024\" src=\"https:\/\/www.aliagro.com.mx\/web\/wp-content\/uploads\/2025\/03\/7-417x1024.png\" class=\"elementor-animation-grow attachment-large size-large wp-image-59\" alt=\"\" srcset=\"https:\/\/www.aliagro.com.mx\/web\/wp-content\/uploads\/2025\/03\/7-417x1024.png 417w, https:\/\/www.aliagro.com.mx\/web\/wp-content\/uploads\/2025\/03\/7-122x300.png 122w, https:\/\/www.aliagro.com.mx\/web\/wp-content\/uploads\/2025\/03\/7.png 440w\" sizes=\"(max-width: 417px) 100vw, 417px\" \/>\t\t\t\t\t\t\t\t<\/a>\n\t\t\t\t\t\t\t\t\t\t\t\t\t\t\t<\/div>\n\t\t\t\t<\/div>\n\t\t\t\t<div class=\"elementor-element elementor-element-30b3109 elementor-widget elementor-widget-image\" data-id=\"30b3109\" data-element_type=\"widget\" data-e-type=\"widget\" data-widget_type=\"image.default\">\n\t\t\t\t<div class=\"elementor-widget-container\">\n\t\t\t\t\t\t\t\t\t\t\t\t\t\t\t\t<a href=\"https:\/\/www.aliagro.com.mx\/web\/proximamente\/\">\n\t\t\t\t\t\t\t<img loading=\"lazy\" decoding=\"async\" width=\"417\" height=\"1024\" src=\"https:\/\/www.aliagro.com.mx\/web\/wp-content\/uploads\/2025\/03\/6-417x1024.png\" class=\"elementor-animation-grow attachment-large size-large wp-image-58\" alt=\"\" srcset=\"https:\/\/www.aliagro.com.mx\/web\/wp-content\/uploads\/2025\/03\/6-417x1024.png 417w, https:\/\/www.aliagro.com.mx\/web\/wp-content\/uploads\/2025\/03\/6-122x300.png 122w, https:\/\/www.aliagro.com.mx\/web\/wp-content\/uploads\/2025\/03\/6.png 440w\" sizes=\"(max-width: 417px) 100vw, 417px\" \/>\t\t\t\t\t\t\t\t<\/a>\n\t\t\t\t\t\t\t\t\t\t\t\t\t\t\t<\/div>\n\t\t\t\t<\/div>\n\t\t\t\t<div class=\"elementor-element elementor-element-a84028f elementor-widget elementor-widget-image\" data-id=\"a84028f\" data-element_type=\"widget\" data-e-type=\"widget\" data-widget_type=\"image.default\">\n\t\t\t\t<div class=\"elementor-widget-container\">\n\t\t\t\t\t\t\t\t\t\t\t\t\t\t\t\t<a href=\"https:\/\/www.aliagro.com.mx\/web\/coadyuvantes-agricolas\/\">\n\t\t\t\t\t\t\t<img loading=\"lazy\" decoding=\"async\" width=\"417\" height=\"1024\" src=\"https:\/\/www.aliagro.com.mx\/web\/wp-content\/uploads\/2025\/03\/8-417x1024.png\" class=\"elementor-animation-grow attachment-large size-large wp-image-60\" alt=\"\" srcset=\"https:\/\/www.aliagro.com.mx\/web\/wp-content\/uploads\/2025\/03\/8-417x1024.png 417w, https:\/\/www.aliagro.com.mx\/web\/wp-content\/uploads\/2025\/03\/8-122x300.png 122w, https:\/\/www.aliagro.com.mx\/web\/wp-content\/uploads\/2025\/03\/8.png 440w\" sizes=\"(max-width: 417px) 100vw, 417px\" \/>\t\t\t\t\t\t\t\t<\/a>\n\t\t\t\t\t\t\t\t\t\t\t\t\t\t\t<\/div>\n\t\t\t\t<\/div>\n\t\t\t\t<div class=\"elementor-element elementor-element-5f8e7f8 elementor-widget elementor-widget-image\" data-id=\"5f8e7f8\" data-element_type=\"widget\" data-e-type=\"widget\" data-widget_type=\"image.default\">\n\t\t\t\t<div class=\"elementor-widget-container\">\n\t\t\t\t\t\t\t\t\t\t\t\t\t\t\t\t<a href=\"https:\/\/www.aliagro.com.mx\/web\/proximamente\/\">\n\t\t\t\t\t\t\t<img loading=\"lazy\" decoding=\"async\" width=\"417\" height=\"1024\" src=\"https:\/\/www.aliagro.com.mx\/web\/wp-content\/uploads\/2025\/03\/5-417x1024.png\" class=\"elementor-animation-grow attachment-large size-large wp-image-64\" alt=\"\" srcset=\"https:\/\/www.aliagro.com.mx\/web\/wp-content\/uploads\/2025\/03\/5-417x1024.png 417w, https:\/\/www.aliagro.com.mx\/web\/wp-content\/uploads\/2025\/03\/5-122x300.png 122w, https:\/\/www.aliagro.com.mx\/web\/wp-content\/uploads\/2025\/03\/5.png 440w\" sizes=\"(max-width: 417px) 100vw, 417px\" \/>\t\t\t\t\t\t\t\t<\/a>\n\t\t\t\t\t\t\t\t\t\t\t\t\t\t\t<\/div>\n\t\t\t\t<\/div>\n\t\t\t\t<div class=\"elementor-element elementor-element-ca132e7 elementor-widget elementor-widget-image\" data-id=\"ca132e7\" data-element_type=\"widget\" data-e-type=\"widget\" data-widget_type=\"image.default\">\n\t\t\t\t<div class=\"elementor-widget-container\">\n\t\t\t\t\t\t\t\t\t\t\t\t\t\t\t\t<a href=\"https:\/\/www.aliagro.com.mx\/web\/inductores-de-resistencia\/\">\n\t\t\t\t\t\t\t<img loading=\"lazy\" decoding=\"async\" width=\"417\" height=\"1024\" src=\"https:\/\/www.aliagro.com.mx\/web\/wp-content\/uploads\/2025\/03\/3-417x1024.png\" class=\"elementor-animation-grow attachment-large size-large wp-image-62\" alt=\"\" srcset=\"https:\/\/www.aliagro.com.mx\/web\/wp-content\/uploads\/2025\/03\/3-417x1024.png 417w, https:\/\/www.aliagro.com.mx\/web\/wp-content\/uploads\/2025\/03\/3-122x300.png 122w, https:\/\/www.aliagro.com.mx\/web\/wp-content\/uploads\/2025\/03\/3.png 440w\" sizes=\"(max-width: 417px) 100vw, 417px\" \/>\t\t\t\t\t\t\t\t<\/a>\n\t\t\t\t\t\t\t\t\t\t\t\t\t\t\t<\/div>\n\t\t\t\t<\/div>\n\t\t\t\t<\/div>\n\t\t\t\t<\/div>\n\t\t\t\t\t<\/div>\n\t\t\t\t<\/div>\n\t\t\t\t<\/div>\n\t\t","protected":false},"excerpt":{"rendered":"<p>Extracto de Neem(Azadirachta indica)Extracto de Canela(Cinnamomun zeylanicum) Descripci\u00f3n del producto Tiene un efecto antialimentario; penetra en la planta a trav\u00e9s de los estomas y es transportado a trav\u00e9s del sistema vascular, modificando el complejo enzim\u00e1tico, transpiraci\u00f3n y cambio en los l\u00edquidos intracelulares de la planta (savia) provocando repelencia, disuasi\u00f3n de la alimentaci\u00f3n y excitaci\u00f3n del [&hellip;]<\/p>\n","protected":false},"author":2,"featured_media":0,"parent":0,"menu_order":0,"comment_status":"closed","ping_status":"closed","template":"elementor_header_footer","meta":{"footnotes":""},"class_list":["post-624","page","type-page","status-publish","hentry"],"_links":{"self":[{"href":"https:\/\/www.aliagro.com.mx\/web\/wp-json\/wp\/v2\/pages\/624","targetHints":{"allow":["GET"]}}],"collection":[{"href":"https:\/\/www.aliagro.com.mx\/web\/wp-json\/wp\/v2\/pages"}],"about":[{"href":"https:\/\/www.aliagro.com.mx\/web\/wp-json\/wp\/v2\/types\/page"}],"author":[{"embeddable":true,"href":"https:\/\/www.aliagro.com.mx\/web\/wp-json\/wp\/v2\/users\/2"}],"replies":[{"embeddable":true,"href":"https:\/\/www.aliagro.com.mx\/web\/wp-json\/wp\/v2\/comments?post=624"}],"version-history":[{"count":4,"href":"https:\/\/www.aliagro.com.mx\/web\/wp-json\/wp\/v2\/pages\/624\/revisions"}],"predecessor-version":[{"id":633,"href":"https:\/\/www.aliagro.com.mx\/web\/wp-json\/wp\/v2\/pages\/624\/revisions\/633"}],"wp:attachment":[{"href":"https:\/\/www.aliagro.com.mx\/web\/wp-json\/wp\/v2\/media?parent=624"}],"curies":[{"name":"wp","href":"https:\/\/api.w.org\/{rel}","templated":true}]}}