{"id":598,"date":"2025-04-14T21:05:33","date_gmt":"2025-04-14T21:05:33","guid":{"rendered":"https:\/\/www.aliagro.com.mx\/web\/?page_id=598"},"modified":"2025-04-14T21:07:43","modified_gmt":"2025-04-14T21:07:43","slug":"fortera-duo","status":"publish","type":"page","link":"https:\/\/www.aliagro.com.mx\/web\/fortera-duo\/","title":{"rendered":"Fortera DUO"},"content":{"rendered":"\t\t<div data-elementor-type=\"wp-page\" data-elementor-id=\"598\" class=\"elementor elementor-598\">\n\t\t\t\t<div class=\"elementor-element elementor-element-a4104ec e-flex e-con-boxed e-con e-parent\" data-id=\"a4104ec\" data-element_type=\"container\" data-e-type=\"container\" data-settings=\"{&quot;background_background&quot;:&quot;classic&quot;}\">\n\t\t\t\t\t<div class=\"e-con-inner\">\n\t\t<div class=\"elementor-element elementor-element-8f40f1d e-con-full e-flex e-con e-child\" data-id=\"8f40f1d\" data-element_type=\"container\" data-e-type=\"container\">\n\t\t\t\t<div class=\"elementor-element elementor-element-786c98a elementor-widget elementor-widget-image\" data-id=\"786c98a\" data-element_type=\"widget\" data-e-type=\"widget\" data-widget_type=\"image.default\">\n\t\t\t\t<div class=\"elementor-widget-container\">\n\t\t\t\t\t\t\t\t\t\t\t\t\t\t\t<img fetchpriority=\"high\" decoding=\"async\" width=\"1024\" height=\"149\" src=\"https:\/\/www.aliagro.com.mx\/web\/wp-content\/uploads\/2025\/04\/Fortera-Duo-Logo-1024x149.png\" class=\"attachment-large size-large wp-image-564\" alt=\"\" srcset=\"https:\/\/www.aliagro.com.mx\/web\/wp-content\/uploads\/2025\/04\/Fortera-Duo-Logo-1024x149.png 1024w, https:\/\/www.aliagro.com.mx\/web\/wp-content\/uploads\/2025\/04\/Fortera-Duo-Logo-300x44.png 300w, https:\/\/www.aliagro.com.mx\/web\/wp-content\/uploads\/2025\/04\/Fortera-Duo-Logo-768x112.png 768w, https:\/\/www.aliagro.com.mx\/web\/wp-content\/uploads\/2025\/04\/Fortera-Duo-Logo-1536x224.png 1536w, https:\/\/www.aliagro.com.mx\/web\/wp-content\/uploads\/2025\/04\/Fortera-Duo-Logo-2048x299.png 2048w\" sizes=\"(max-width: 1024px) 100vw, 1024px\" \/>\t\t\t\t\t\t\t\t\t\t\t\t\t\t\t<\/div>\n\t\t\t\t<\/div>\n\t\t\t\t<div class=\"elementor-element elementor-element-baa4529 elementor-widget elementor-widget-text-editor\" data-id=\"baa4529\" data-element_type=\"widget\" data-e-type=\"widget\" data-widget_type=\"text-editor.default\">\n\t\t\t\t<div class=\"elementor-widget-container\">\n\t\t\t\t\t\t\t\t\t<p>Calcio (Ca),\u00a0 Silicio (Si02), Hierro (Fe203), Magnesio (MgC03), Potasio (K20), Azufre (S03)<\/p>\t\t\t\t\t\t\t\t<\/div>\n\t\t\t\t<\/div>\n\t\t\t\t<\/div>\n\t\t<div class=\"elementor-element elementor-element-8ddf8e9 e-con-full e-flex e-con e-child\" data-id=\"8ddf8e9\" data-element_type=\"container\" data-e-type=\"container\" data-settings=\"{&quot;background_background&quot;:&quot;classic&quot;}\">\n\t\t\t\t<div class=\"elementor-element elementor-element-a4b2752 elementor-widget elementor-widget-image\" data-id=\"a4b2752\" data-element_type=\"widget\" data-e-type=\"widget\" data-widget_type=\"image.default\">\n\t\t\t\t<div class=\"elementor-widget-container\">\n\t\t\t\t\t\t\t\t\t\t\t\t\t\t\t<img decoding=\"async\" width=\"1024\" height=\"1024\" src=\"https:\/\/www.aliagro.com.mx\/web\/wp-content\/uploads\/2025\/03\/Mockups-04-1024x1024.png\" class=\"attachment-large size-large wp-image-317\" alt=\"\" srcset=\"https:\/\/www.aliagro.com.mx\/web\/wp-content\/uploads\/2025\/03\/Mockups-04-1024x1024.png 1024w, https:\/\/www.aliagro.com.mx\/web\/wp-content\/uploads\/2025\/03\/Mockups-04-300x300.png 300w, https:\/\/www.aliagro.com.mx\/web\/wp-content\/uploads\/2025\/03\/Mockups-04-150x150.png 150w, https:\/\/www.aliagro.com.mx\/web\/wp-content\/uploads\/2025\/03\/Mockups-04-768x768.png 768w, https:\/\/www.aliagro.com.mx\/web\/wp-content\/uploads\/2025\/03\/Mockups-04-1536x1536.png 1536w, https:\/\/www.aliagro.com.mx\/web\/wp-content\/uploads\/2025\/03\/Mockups-04-2048x2048.png 2048w\" sizes=\"(max-width: 1024px) 100vw, 1024px\" \/>\t\t\t\t\t\t\t\t\t\t\t\t\t\t\t<\/div>\n\t\t\t\t<\/div>\n\t\t\t\t<\/div>\n\t\t\t\t\t<\/div>\n\t\t\t\t<\/div>\n\t\t<div class=\"elementor-element elementor-element-8e223f4 e-flex e-con-boxed e-con e-parent\" data-id=\"8e223f4\" data-element_type=\"container\" data-e-type=\"container\">\n\t\t\t\t\t<div class=\"e-con-inner\">\n\t\t<div class=\"elementor-element elementor-element-d0d7127 e-con-full e-flex e-con e-child\" data-id=\"d0d7127\" data-element_type=\"container\" data-e-type=\"container\">\n\t\t\t\t<div class=\"elementor-element elementor-element-e82afcb elementor-widget elementor-widget-heading\" data-id=\"e82afcb\" data-element_type=\"widget\" data-e-type=\"widget\" data-widget_type=\"heading.default\">\n\t\t\t\t<div class=\"elementor-widget-container\">\n\t\t\t\t\t<h2 class=\"elementor-heading-title elementor-size-default\">Descripci\u00f3n del producto<\/h2>\t\t\t\t<\/div>\n\t\t\t\t<\/div>\n\t\t\t\t<div class=\"elementor-element elementor-element-ff0a238 elementor-widget elementor-widget-text-editor\" data-id=\"ff0a238\" data-element_type=\"widget\" data-e-type=\"widget\" data-widget_type=\"text-editor.default\">\n\t\t\t\t<div class=\"elementor-widget-container\">\n\t\t\t\t\t\t\t\t\t<p>Foreta DUO es un fertilizante foliar que se produce de forma natural a partir de calcita. Fortera DUO es un polvo micronizado que se aplica como suspensi\u00f3n acuosa de aplicaci\u00f3n foliar por pulverizaci\u00f3n en forma de niebla fina, de 2 a 4 veces en un periodo de vegetaci\u00f3n.<\/p>\t\t\t\t\t\t\t\t<\/div>\n\t\t\t\t<\/div>\n\t\t\t\t<div class=\"elementor-element elementor-element-d057e98 elementor-widget elementor-widget-heading\" data-id=\"d057e98\" data-element_type=\"widget\" data-e-type=\"widget\" data-widget_type=\"heading.default\">\n\t\t\t\t<div class=\"elementor-widget-container\">\n\t\t\t\t\t<h2 class=\"elementor-heading-title elementor-size-default\">M\u00e1s productos<\/h2>\t\t\t\t<\/div>\n\t\t\t\t<\/div>\n\t\t\t\t<\/div>\n\t\t\t\t\t<\/div>\n\t\t\t\t<\/div>\n\t\t<div class=\"elementor-element elementor-element-09096a4 e-flex e-con-boxed e-con e-parent\" data-id=\"09096a4\" data-element_type=\"container\" data-e-type=\"container\">\n\t\t\t\t\t<div class=\"e-con-inner\">\n\t\t<div class=\"elementor-element elementor-element-6306de5 e-grid e-con-full elementor-invisible e-con e-child\" data-id=\"6306de5\" data-element_type=\"container\" data-e-type=\"container\" data-settings=\"{&quot;animation&quot;:&quot;fadeInLeft&quot;}\">\n\t\t\t\t<div class=\"elementor-element elementor-element-94d04f6 elementor-widget elementor-widget-image\" data-id=\"94d04f6\" data-element_type=\"widget\" data-e-type=\"widget\" data-widget_type=\"image.default\">\n\t\t\t\t<div class=\"elementor-widget-container\">\n\t\t\t\t\t\t\t\t\t\t\t\t\t\t\t\t<a href=\"https:\/\/www.aliagro.com.mx\/web\/insecticidas\/\">\n\t\t\t\t\t\t\t<img decoding=\"async\" width=\"417\" height=\"1024\" src=\"https:\/\/www.aliagro.com.mx\/web\/wp-content\/uploads\/2025\/03\/1-417x1024.png\" class=\"elementor-animation-grow attachment-large size-large wp-image-57\" alt=\"\" srcset=\"https:\/\/www.aliagro.com.mx\/web\/wp-content\/uploads\/2025\/03\/1-417x1024.png 417w, https:\/\/www.aliagro.com.mx\/web\/wp-content\/uploads\/2025\/03\/1-122x300.png 122w, https:\/\/www.aliagro.com.mx\/web\/wp-content\/uploads\/2025\/03\/1.png 440w\" sizes=\"(max-width: 417px) 100vw, 417px\" \/>\t\t\t\t\t\t\t\t<\/a>\n\t\t\t\t\t\t\t\t\t\t\t\t\t\t\t<\/div>\n\t\t\t\t<\/div>\n\t\t\t\t<div class=\"elementor-element elementor-element-d3f9ce4 elementor-widget elementor-widget-image\" data-id=\"d3f9ce4\" data-element_type=\"widget\" data-e-type=\"widget\" data-widget_type=\"image.default\">\n\t\t\t\t<div class=\"elementor-widget-container\">\n\t\t\t\t\t\t\t\t\t\t\t\t\t\t\t\t<a href=\"https:\/\/www.aliagro.com.mx\/web\/acaricidas\/\">\n\t\t\t\t\t\t\t<img loading=\"lazy\" decoding=\"async\" width=\"417\" height=\"1024\" src=\"https:\/\/www.aliagro.com.mx\/web\/wp-content\/uploads\/2025\/03\/4-417x1024.png\" class=\"elementor-animation-grow attachment-large size-large wp-image-63\" alt=\"\" srcset=\"https:\/\/www.aliagro.com.mx\/web\/wp-content\/uploads\/2025\/03\/4-417x1024.png 417w, https:\/\/www.aliagro.com.mx\/web\/wp-content\/uploads\/2025\/03\/4-122x300.png 122w, https:\/\/www.aliagro.com.mx\/web\/wp-content\/uploads\/2025\/03\/4.png 440w\" sizes=\"(max-width: 417px) 100vw, 417px\" \/>\t\t\t\t\t\t\t\t<\/a>\n\t\t\t\t\t\t\t\t\t\t\t\t\t\t\t<\/div>\n\t\t\t\t<\/div>\n\t\t\t\t<div class=\"elementor-element elementor-element-8c4f0d9 elementor-widget elementor-widget-image\" data-id=\"8c4f0d9\" data-element_type=\"widget\" data-e-type=\"widget\" data-widget_type=\"image.default\">\n\t\t\t\t<div class=\"elementor-widget-container\">\n\t\t\t\t\t\t\t\t\t\t\t\t\t\t\t\t<a href=\"https:\/\/www.aliagro.com.mx\/web\/fungicidas\/\">\n\t\t\t\t\t\t\t<img loading=\"lazy\" decoding=\"async\" width=\"417\" height=\"1024\" src=\"https:\/\/www.aliagro.com.mx\/web\/wp-content\/uploads\/2025\/03\/2-417x1024.png\" class=\"elementor-animation-grow attachment-large size-large wp-image-61\" alt=\"\" srcset=\"https:\/\/www.aliagro.com.mx\/web\/wp-content\/uploads\/2025\/03\/2-417x1024.png 417w, https:\/\/www.aliagro.com.mx\/web\/wp-content\/uploads\/2025\/03\/2-122x300.png 122w, https:\/\/www.aliagro.com.mx\/web\/wp-content\/uploads\/2025\/03\/2.png 440w\" sizes=\"(max-width: 417px) 100vw, 417px\" \/>\t\t\t\t\t\t\t\t<\/a>\n\t\t\t\t\t\t\t\t\t\t\t\t\t\t\t<\/div>\n\t\t\t\t<\/div>\n\t\t\t\t<div class=\"elementor-element elementor-element-9d604f8 elementor-widget elementor-widget-image\" data-id=\"9d604f8\" data-element_type=\"widget\" data-e-type=\"widget\" data-widget_type=\"image.default\">\n\t\t\t\t<div class=\"elementor-widget-container\">\n\t\t\t\t\t\t\t\t\t\t\t\t\t\t\t\t<a href=\"https:\/\/www.aliagro.com.mx\/web\/bactericidas\/\">\n\t\t\t\t\t\t\t<img loading=\"lazy\" decoding=\"async\" width=\"417\" height=\"1024\" src=\"https:\/\/www.aliagro.com.mx\/web\/wp-content\/uploads\/2025\/03\/7-417x1024.png\" class=\"elementor-animation-grow attachment-large size-large wp-image-59\" alt=\"\" srcset=\"https:\/\/www.aliagro.com.mx\/web\/wp-content\/uploads\/2025\/03\/7-417x1024.png 417w, https:\/\/www.aliagro.com.mx\/web\/wp-content\/uploads\/2025\/03\/7-122x300.png 122w, https:\/\/www.aliagro.com.mx\/web\/wp-content\/uploads\/2025\/03\/7.png 440w\" sizes=\"(max-width: 417px) 100vw, 417px\" \/>\t\t\t\t\t\t\t\t<\/a>\n\t\t\t\t\t\t\t\t\t\t\t\t\t\t\t<\/div>\n\t\t\t\t<\/div>\n\t\t\t\t<div class=\"elementor-element elementor-element-9272e70 elementor-widget elementor-widget-image\" data-id=\"9272e70\" data-element_type=\"widget\" data-e-type=\"widget\" data-widget_type=\"image.default\">\n\t\t\t\t<div class=\"elementor-widget-container\">\n\t\t\t\t\t\t\t\t\t\t\t\t\t\t\t\t<a href=\"https:\/\/www.aliagro.com.mx\/web\/proximamente\/\">\n\t\t\t\t\t\t\t<img loading=\"lazy\" decoding=\"async\" width=\"417\" height=\"1024\" src=\"https:\/\/www.aliagro.com.mx\/web\/wp-content\/uploads\/2025\/03\/6-417x1024.png\" class=\"elementor-animation-grow attachment-large size-large wp-image-58\" alt=\"\" srcset=\"https:\/\/www.aliagro.com.mx\/web\/wp-content\/uploads\/2025\/03\/6-417x1024.png 417w, https:\/\/www.aliagro.com.mx\/web\/wp-content\/uploads\/2025\/03\/6-122x300.png 122w, https:\/\/www.aliagro.com.mx\/web\/wp-content\/uploads\/2025\/03\/6.png 440w\" sizes=\"(max-width: 417px) 100vw, 417px\" \/>\t\t\t\t\t\t\t\t<\/a>\n\t\t\t\t\t\t\t\t\t\t\t\t\t\t\t<\/div>\n\t\t\t\t<\/div>\n\t\t\t\t<div class=\"elementor-element elementor-element-308f367 elementor-widget elementor-widget-image\" data-id=\"308f367\" data-element_type=\"widget\" data-e-type=\"widget\" data-widget_type=\"image.default\">\n\t\t\t\t<div class=\"elementor-widget-container\">\n\t\t\t\t\t\t\t\t\t\t\t\t\t\t\t\t<a href=\"https:\/\/www.aliagro.com.mx\/web\/coadyuvantes-agricolas\/\">\n\t\t\t\t\t\t\t<img loading=\"lazy\" decoding=\"async\" width=\"417\" height=\"1024\" src=\"https:\/\/www.aliagro.com.mx\/web\/wp-content\/uploads\/2025\/03\/8-417x1024.png\" class=\"elementor-animation-grow attachment-large size-large wp-image-60\" alt=\"\" srcset=\"https:\/\/www.aliagro.com.mx\/web\/wp-content\/uploads\/2025\/03\/8-417x1024.png 417w, https:\/\/www.aliagro.com.mx\/web\/wp-content\/uploads\/2025\/03\/8-122x300.png 122w, https:\/\/www.aliagro.com.mx\/web\/wp-content\/uploads\/2025\/03\/8.png 440w\" sizes=\"(max-width: 417px) 100vw, 417px\" \/>\t\t\t\t\t\t\t\t<\/a>\n\t\t\t\t\t\t\t\t\t\t\t\t\t\t\t<\/div>\n\t\t\t\t<\/div>\n\t\t\t\t<div class=\"elementor-element elementor-element-d6abd0e elementor-widget elementor-widget-image\" data-id=\"d6abd0e\" data-element_type=\"widget\" data-e-type=\"widget\" data-widget_type=\"image.default\">\n\t\t\t\t<div class=\"elementor-widget-container\">\n\t\t\t\t\t\t\t\t\t\t\t\t\t\t\t\t<a href=\"https:\/\/www.aliagro.com.mx\/web\/proximamente\/\">\n\t\t\t\t\t\t\t<img loading=\"lazy\" decoding=\"async\" width=\"417\" height=\"1024\" src=\"https:\/\/www.aliagro.com.mx\/web\/wp-content\/uploads\/2025\/03\/5-417x1024.png\" class=\"elementor-animation-grow attachment-large size-large wp-image-64\" alt=\"\" srcset=\"https:\/\/www.aliagro.com.mx\/web\/wp-content\/uploads\/2025\/03\/5-417x1024.png 417w, https:\/\/www.aliagro.com.mx\/web\/wp-content\/uploads\/2025\/03\/5-122x300.png 122w, https:\/\/www.aliagro.com.mx\/web\/wp-content\/uploads\/2025\/03\/5.png 440w\" sizes=\"(max-width: 417px) 100vw, 417px\" \/>\t\t\t\t\t\t\t\t<\/a>\n\t\t\t\t\t\t\t\t\t\t\t\t\t\t\t<\/div>\n\t\t\t\t<\/div>\n\t\t\t\t<div class=\"elementor-element elementor-element-e776ca0 elementor-widget elementor-widget-image\" data-id=\"e776ca0\" data-element_type=\"widget\" data-e-type=\"widget\" data-widget_type=\"image.default\">\n\t\t\t\t<div class=\"elementor-widget-container\">\n\t\t\t\t\t\t\t\t\t\t\t\t\t\t\t\t<a href=\"https:\/\/www.aliagro.com.mx\/web\/inductores-de-resistencia\/\">\n\t\t\t\t\t\t\t<img loading=\"lazy\" decoding=\"async\" width=\"417\" height=\"1024\" src=\"https:\/\/www.aliagro.com.mx\/web\/wp-content\/uploads\/2025\/03\/3-417x1024.png\" class=\"elementor-animation-grow attachment-large size-large wp-image-62\" alt=\"\" srcset=\"https:\/\/www.aliagro.com.mx\/web\/wp-content\/uploads\/2025\/03\/3-417x1024.png 417w, https:\/\/www.aliagro.com.mx\/web\/wp-content\/uploads\/2025\/03\/3-122x300.png 122w, https:\/\/www.aliagro.com.mx\/web\/wp-content\/uploads\/2025\/03\/3.png 440w\" sizes=\"(max-width: 417px) 100vw, 417px\" \/>\t\t\t\t\t\t\t\t<\/a>\n\t\t\t\t\t\t\t\t\t\t\t\t\t\t\t<\/div>\n\t\t\t\t<\/div>\n\t\t\t\t<\/div>\n\t\t\t\t\t<\/div>\n\t\t\t\t<\/div>\n\t\t\t\t<\/div>\n\t\t","protected":false},"excerpt":{"rendered":"<p>Calcio (Ca),\u00a0 Silicio (Si02), Hierro (Fe203), Magnesio (MgC03), Potasio (K20), Azufre (S03) Descripci\u00f3n del producto Foreta DUO es un fertilizante foliar que se produce de forma natural a partir de calcita. Fortera DUO es un polvo micronizado que se aplica como suspensi\u00f3n acuosa de aplicaci\u00f3n foliar por pulverizaci\u00f3n en forma de niebla fina, de 2 [&hellip;]<\/p>\n","protected":false},"author":2,"featured_media":0,"parent":0,"menu_order":0,"comment_status":"closed","ping_status":"closed","template":"elementor_header_footer","meta":{"footnotes":""},"class_list":["post-598","page","type-page","status-publish","hentry"],"_links":{"self":[{"href":"https:\/\/www.aliagro.com.mx\/web\/wp-json\/wp\/v2\/pages\/598","targetHints":{"allow":["GET"]}}],"collection":[{"href":"https:\/\/www.aliagro.com.mx\/web\/wp-json\/wp\/v2\/pages"}],"about":[{"href":"https:\/\/www.aliagro.com.mx\/web\/wp-json\/wp\/v2\/types\/page"}],"author":[{"embeddable":true,"href":"https:\/\/www.aliagro.com.mx\/web\/wp-json\/wp\/v2\/users\/2"}],"replies":[{"embeddable":true,"href":"https:\/\/www.aliagro.com.mx\/web\/wp-json\/wp\/v2\/comments?post=598"}],"version-history":[{"count":4,"href":"https:\/\/www.aliagro.com.mx\/web\/wp-json\/wp\/v2\/pages\/598\/revisions"}],"predecessor-version":[{"id":602,"href":"https:\/\/www.aliagro.com.mx\/web\/wp-json\/wp\/v2\/pages\/598\/revisions\/602"}],"wp:attachment":[{"href":"https:\/\/www.aliagro.com.mx\/web\/wp-json\/wp\/v2\/media?parent=598"}],"curies":[{"name":"wp","href":"https:\/\/api.w.org\/{rel}","templated":true}]}}