{"id":460,"date":"2025-04-14T15:23:40","date_gmt":"2025-04-14T15:23:40","guid":{"rendered":"https:\/\/www.aliagro.com.mx\/web\/?page_id=460"},"modified":"2025-04-14T15:29:58","modified_gmt":"2025-04-14T15:29:58","slug":"viremax-2","status":"publish","type":"page","link":"https:\/\/www.aliagro.com.mx\/web\/viremax-2\/","title":{"rendered":"VireMax"},"content":{"rendered":"\t\t<div data-elementor-type=\"wp-page\" data-elementor-id=\"460\" class=\"elementor elementor-460\">\n\t\t\t\t<div class=\"elementor-element elementor-element-c399a53 e-flex e-con-boxed e-con e-parent\" data-id=\"c399a53\" data-element_type=\"container\" data-e-type=\"container\" data-settings=\"{&quot;background_background&quot;:&quot;classic&quot;}\">\n\t\t\t\t\t<div class=\"e-con-inner\">\n\t\t<div class=\"elementor-element elementor-element-f2cb357 e-con-full e-flex e-con e-child\" data-id=\"f2cb357\" data-element_type=\"container\" data-e-type=\"container\">\n\t\t\t\t<div class=\"elementor-element elementor-element-da8c5b3 elementor-widget elementor-widget-image\" data-id=\"da8c5b3\" data-element_type=\"widget\" data-e-type=\"widget\" data-widget_type=\"image.default\">\n\t\t\t\t<div class=\"elementor-widget-container\">\n\t\t\t\t\t\t\t\t\t\t\t\t\t\t\t<img fetchpriority=\"high\" decoding=\"async\" width=\"1024\" height=\"192\" src=\"https:\/\/www.aliagro.com.mx\/web\/wp-content\/uploads\/2025\/04\/Viremaxlogo-1024x192.png\" class=\"attachment-large size-large wp-image-462\" alt=\"\" srcset=\"https:\/\/www.aliagro.com.mx\/web\/wp-content\/uploads\/2025\/04\/Viremaxlogo-1024x192.png 1024w, https:\/\/www.aliagro.com.mx\/web\/wp-content\/uploads\/2025\/04\/Viremaxlogo-300x56.png 300w, https:\/\/www.aliagro.com.mx\/web\/wp-content\/uploads\/2025\/04\/Viremaxlogo-768x144.png 768w, https:\/\/www.aliagro.com.mx\/web\/wp-content\/uploads\/2025\/04\/Viremaxlogo-1536x288.png 1536w, https:\/\/www.aliagro.com.mx\/web\/wp-content\/uploads\/2025\/04\/Viremaxlogo-2048x384.png 2048w\" sizes=\"(max-width: 1024px) 100vw, 1024px\" \/>\t\t\t\t\t\t\t\t\t\t\t\t\t\t\t<\/div>\n\t\t\t\t<\/div>\n\t\t\t\t<div class=\"elementor-element elementor-element-0bdfef0 elementor-widget elementor-widget-text-editor\" data-id=\"0bdfef0\" data-element_type=\"widget\" data-e-type=\"widget\" data-widget_type=\"text-editor.default\">\n\t\t\t\t<div class=\"elementor-widget-container\">\n\t\t\t\t\t\t\t\t\t<p>Extracto de Gobernadora<br \/>(Larrea Tridentata)<\/p>\t\t\t\t\t\t\t\t<\/div>\n\t\t\t\t<\/div>\n\t\t\t\t<\/div>\n\t\t<div class=\"elementor-element elementor-element-8cf5ee5 e-con-full e-flex e-con e-child\" data-id=\"8cf5ee5\" data-element_type=\"container\" data-e-type=\"container\" data-settings=\"{&quot;background_background&quot;:&quot;classic&quot;}\">\n\t\t\t\t<div class=\"elementor-element elementor-element-69d709e elementor-widget elementor-widget-image\" data-id=\"69d709e\" data-element_type=\"widget\" data-e-type=\"widget\" data-widget_type=\"image.default\">\n\t\t\t\t<div class=\"elementor-widget-container\">\n\t\t\t\t\t\t\t\t\t\t\t\t\t\t\t<img decoding=\"async\" width=\"1024\" height=\"1024\" src=\"https:\/\/www.aliagro.com.mx\/web\/wp-content\/uploads\/2025\/03\/VireMax-1024x1024.png\" class=\"attachment-large size-large wp-image-187\" alt=\"\" srcset=\"https:\/\/www.aliagro.com.mx\/web\/wp-content\/uploads\/2025\/03\/VireMax-1024x1024.png 1024w, https:\/\/www.aliagro.com.mx\/web\/wp-content\/uploads\/2025\/03\/VireMax-300x300.png 300w, https:\/\/www.aliagro.com.mx\/web\/wp-content\/uploads\/2025\/03\/VireMax-150x150.png 150w, https:\/\/www.aliagro.com.mx\/web\/wp-content\/uploads\/2025\/03\/VireMax-768x768.png 768w, https:\/\/www.aliagro.com.mx\/web\/wp-content\/uploads\/2025\/03\/VireMax-1536x1536.png 1536w, https:\/\/www.aliagro.com.mx\/web\/wp-content\/uploads\/2025\/03\/VireMax-2048x2048.png 2048w\" sizes=\"(max-width: 1024px) 100vw, 1024px\" \/>\t\t\t\t\t\t\t\t\t\t\t\t\t\t\t<\/div>\n\t\t\t\t<\/div>\n\t\t\t\t<\/div>\n\t\t\t\t\t<\/div>\n\t\t\t\t<\/div>\n\t\t<div class=\"elementor-element elementor-element-d16941f e-flex e-con-boxed e-con e-parent\" data-id=\"d16941f\" data-element_type=\"container\" data-e-type=\"container\">\n\t\t\t\t\t<div class=\"e-con-inner\">\n\t\t\t\t<div class=\"elementor-element elementor-element-ad707e4 elementor-widget elementor-widget-heading\" data-id=\"ad707e4\" data-element_type=\"widget\" data-e-type=\"widget\" data-widget_type=\"heading.default\">\n\t\t\t\t<div class=\"elementor-widget-container\">\n\t\t\t\t\t<h2 class=\"elementor-heading-title elementor-size-default\">Descripci\u00f3n del producto<\/h2>\t\t\t\t<\/div>\n\t\t\t\t<\/div>\n\t\t\t\t<div class=\"elementor-element elementor-element-e1a5f0b elementor-widget elementor-widget-text-editor\" data-id=\"e1a5f0b\" data-element_type=\"widget\" data-e-type=\"widget\" data-widget_type=\"text-editor.default\">\n\t\t\t\t<div class=\"elementor-widget-container\">\n\t\t\t\t\t\t\t\t\t<p>Fungicida sist\u00e9mico y de contacto, selectivo a las enfermedades fungosas que se indican en el cuadro. Act\u00faa de forma preventiva y curativa, distribuy\u00e9ndose a todos los tejidos vegetativos controlando la infecci\u00f3n. Mantenga constante la dosis indicada, los intervalos de aplicaci\u00f3n pueden variar dependiendo de la severidad de la enfermedad.<\/p>\t\t\t\t\t\t\t\t<\/div>\n\t\t\t\t<\/div>\n\t\t\t\t\t<\/div>\n\t\t\t\t<\/div>\n\t\t<div class=\"elementor-element elementor-element-f4b65d5 e-flex e-con-boxed e-con e-parent\" data-id=\"f4b65d5\" data-element_type=\"container\" data-e-type=\"container\">\n\t\t\t\t\t<div class=\"e-con-inner\">\n\t\t\t\t<div class=\"elementor-element elementor-element-972b743 elementor-widget elementor-widget-heading\" data-id=\"972b743\" data-element_type=\"widget\" data-e-type=\"widget\" data-widget_type=\"heading.default\">\n\t\t\t\t<div class=\"elementor-widget-container\">\n\t\t\t\t\t<h2 class=\"elementor-heading-title elementor-size-default\">M\u00e1s productos<\/h2>\t\t\t\t<\/div>\n\t\t\t\t<\/div>\n\t\t<div class=\"elementor-element elementor-element-6a0f0c0 e-grid e-con-full e-con e-child\" data-id=\"6a0f0c0\" data-element_type=\"container\" data-e-type=\"container\">\n\t\t\t\t<div class=\"elementor-element elementor-element-c4c4773 elementor-widget elementor-widget-image\" data-id=\"c4c4773\" data-element_type=\"widget\" data-e-type=\"widget\" data-widget_type=\"image.default\">\n\t\t\t\t<div class=\"elementor-widget-container\">\n\t\t\t\t\t\t\t\t\t\t\t\t\t\t\t<img decoding=\"async\" width=\"417\" height=\"1024\" src=\"https:\/\/www.aliagro.com.mx\/web\/wp-content\/uploads\/2025\/03\/1-417x1024.png\" class=\"elementor-animation-grow attachment-large size-large wp-image-57\" alt=\"\" srcset=\"https:\/\/www.aliagro.com.mx\/web\/wp-content\/uploads\/2025\/03\/1-417x1024.png 417w, https:\/\/www.aliagro.com.mx\/web\/wp-content\/uploads\/2025\/03\/1-122x300.png 122w, https:\/\/www.aliagro.com.mx\/web\/wp-content\/uploads\/2025\/03\/1.png 440w\" sizes=\"(max-width: 417px) 100vw, 417px\" \/>\t\t\t\t\t\t\t\t\t\t\t\t\t\t\t<\/div>\n\t\t\t\t<\/div>\n\t\t\t\t<div class=\"elementor-element elementor-element-e4cfbd6 elementor-widget elementor-widget-image\" data-id=\"e4cfbd6\" data-element_type=\"widget\" data-e-type=\"widget\" data-widget_type=\"image.default\">\n\t\t\t\t<div class=\"elementor-widget-container\">\n\t\t\t\t\t\t\t\t\t\t\t\t\t\t\t<img loading=\"lazy\" decoding=\"async\" width=\"417\" height=\"1024\" src=\"https:\/\/www.aliagro.com.mx\/web\/wp-content\/uploads\/2025\/03\/6-417x1024.png\" class=\"elementor-animation-grow attachment-large size-large wp-image-58\" alt=\"\" srcset=\"https:\/\/www.aliagro.com.mx\/web\/wp-content\/uploads\/2025\/03\/6-417x1024.png 417w, https:\/\/www.aliagro.com.mx\/web\/wp-content\/uploads\/2025\/03\/6-122x300.png 122w, https:\/\/www.aliagro.com.mx\/web\/wp-content\/uploads\/2025\/03\/6.png 440w\" sizes=\"(max-width: 417px) 100vw, 417px\" \/>\t\t\t\t\t\t\t\t\t\t\t\t\t\t\t<\/div>\n\t\t\t\t<\/div>\n\t\t\t\t<div class=\"elementor-element elementor-element-76ffc7a elementor-widget elementor-widget-image\" data-id=\"76ffc7a\" data-element_type=\"widget\" data-e-type=\"widget\" data-widget_type=\"image.default\">\n\t\t\t\t<div class=\"elementor-widget-container\">\n\t\t\t\t\t\t\t\t\t\t\t\t\t\t\t\t<a href=\"https:\/\/www.aliagro.com.mx\/web\/bactericidas\/\">\n\t\t\t\t\t\t\t<img loading=\"lazy\" decoding=\"async\" width=\"417\" height=\"1024\" src=\"https:\/\/www.aliagro.com.mx\/web\/wp-content\/uploads\/2025\/03\/7-417x1024.png\" class=\"elementor-animation-grow attachment-large size-large wp-image-59\" alt=\"\" srcset=\"https:\/\/www.aliagro.com.mx\/web\/wp-content\/uploads\/2025\/03\/7-417x1024.png 417w, https:\/\/www.aliagro.com.mx\/web\/wp-content\/uploads\/2025\/03\/7-122x300.png 122w, https:\/\/www.aliagro.com.mx\/web\/wp-content\/uploads\/2025\/03\/7.png 440w\" sizes=\"(max-width: 417px) 100vw, 417px\" \/>\t\t\t\t\t\t\t\t<\/a>\n\t\t\t\t\t\t\t\t\t\t\t\t\t\t\t<\/div>\n\t\t\t\t<\/div>\n\t\t\t\t<div class=\"elementor-element elementor-element-8a825e2 elementor-widget elementor-widget-image\" data-id=\"8a825e2\" data-element_type=\"widget\" data-e-type=\"widget\" data-widget_type=\"image.default\">\n\t\t\t\t<div class=\"elementor-widget-container\">\n\t\t\t\t\t\t\t\t\t\t\t\t\t\t\t<img loading=\"lazy\" decoding=\"async\" width=\"417\" height=\"1024\" src=\"https:\/\/www.aliagro.com.mx\/web\/wp-content\/uploads\/2025\/03\/8-417x1024.png\" class=\"elementor-animation-grow attachment-large size-large wp-image-60\" alt=\"\" srcset=\"https:\/\/www.aliagro.com.mx\/web\/wp-content\/uploads\/2025\/03\/8-417x1024.png 417w, https:\/\/www.aliagro.com.mx\/web\/wp-content\/uploads\/2025\/03\/8-122x300.png 122w, https:\/\/www.aliagro.com.mx\/web\/wp-content\/uploads\/2025\/03\/8.png 440w\" sizes=\"(max-width: 417px) 100vw, 417px\" \/>\t\t\t\t\t\t\t\t\t\t\t\t\t\t\t<\/div>\n\t\t\t\t<\/div>\n\t\t\t\t<div class=\"elementor-element elementor-element-16067f7 elementor-widget elementor-widget-image\" data-id=\"16067f7\" data-element_type=\"widget\" data-e-type=\"widget\" data-widget_type=\"image.default\">\n\t\t\t\t<div class=\"elementor-widget-container\">\n\t\t\t\t\t\t\t\t\t\t\t\t\t\t\t<img loading=\"lazy\" decoding=\"async\" width=\"417\" height=\"1024\" src=\"https:\/\/www.aliagro.com.mx\/web\/wp-content\/uploads\/2025\/03\/3-417x1024.png\" class=\"elementor-animation-grow attachment-large size-large wp-image-62\" alt=\"\" srcset=\"https:\/\/www.aliagro.com.mx\/web\/wp-content\/uploads\/2025\/03\/3-417x1024.png 417w, https:\/\/www.aliagro.com.mx\/web\/wp-content\/uploads\/2025\/03\/3-122x300.png 122w, https:\/\/www.aliagro.com.mx\/web\/wp-content\/uploads\/2025\/03\/3.png 440w\" sizes=\"(max-width: 417px) 100vw, 417px\" \/>\t\t\t\t\t\t\t\t\t\t\t\t\t\t\t<\/div>\n\t\t\t\t<\/div>\n\t\t\t\t<div class=\"elementor-element elementor-element-3d34b51 elementor-widget elementor-widget-image\" data-id=\"3d34b51\" data-element_type=\"widget\" data-e-type=\"widget\" data-widget_type=\"image.default\">\n\t\t\t\t<div class=\"elementor-widget-container\">\n\t\t\t\t\t\t\t\t\t\t\t\t\t\t\t\t<a href=\"https:\/\/www.aliagro.com.mx\/web\/acaricidas\/\">\n\t\t\t\t\t\t\t<img loading=\"lazy\" decoding=\"async\" width=\"417\" height=\"1024\" src=\"https:\/\/www.aliagro.com.mx\/web\/wp-content\/uploads\/2025\/03\/4-417x1024.png\" class=\"elementor-animation-grow attachment-large size-large wp-image-63\" alt=\"\" srcset=\"https:\/\/www.aliagro.com.mx\/web\/wp-content\/uploads\/2025\/03\/4-417x1024.png 417w, https:\/\/www.aliagro.com.mx\/web\/wp-content\/uploads\/2025\/03\/4-122x300.png 122w, https:\/\/www.aliagro.com.mx\/web\/wp-content\/uploads\/2025\/03\/4.png 440w\" sizes=\"(max-width: 417px) 100vw, 417px\" \/>\t\t\t\t\t\t\t\t<\/a>\n\t\t\t\t\t\t\t\t\t\t\t\t\t\t\t<\/div>\n\t\t\t\t<\/div>\n\t\t\t\t<div class=\"elementor-element elementor-element-74772a7 elementor-widget elementor-widget-image\" data-id=\"74772a7\" data-element_type=\"widget\" data-e-type=\"widget\" data-widget_type=\"image.default\">\n\t\t\t\t<div class=\"elementor-widget-container\">\n\t\t\t\t\t\t\t\t\t\t\t\t\t\t\t<img loading=\"lazy\" decoding=\"async\" width=\"417\" height=\"1024\" src=\"https:\/\/www.aliagro.com.mx\/web\/wp-content\/uploads\/2025\/03\/5-417x1024.png\" class=\"elementor-animation-grow attachment-large size-large wp-image-64\" alt=\"\" srcset=\"https:\/\/www.aliagro.com.mx\/web\/wp-content\/uploads\/2025\/03\/5-417x1024.png 417w, https:\/\/www.aliagro.com.mx\/web\/wp-content\/uploads\/2025\/03\/5-122x300.png 122w, https:\/\/www.aliagro.com.mx\/web\/wp-content\/uploads\/2025\/03\/5.png 440w\" sizes=\"(max-width: 417px) 100vw, 417px\" \/>\t\t\t\t\t\t\t\t\t\t\t\t\t\t\t<\/div>\n\t\t\t\t<\/div>\n\t\t\t\t<\/div>\n\t\t\t\t\t<\/div>\n\t\t\t\t<\/div>\n\t\t\t\t<\/div>\n\t\t","protected":false},"excerpt":{"rendered":"<p>Extracto de Gobernadora(Larrea Tridentata) Descripci\u00f3n del producto Fungicida sist\u00e9mico y de contacto, selectivo a las enfermedades fungosas que se indican en el cuadro. Act\u00faa de forma preventiva y curativa, distribuy\u00e9ndose a todos los tejidos vegetativos controlando la infecci\u00f3n. Mantenga constante la dosis indicada, los intervalos de aplicaci\u00f3n pueden variar dependiendo de la severidad de la [&hellip;]<\/p>\n","protected":false},"author":2,"featured_media":0,"parent":0,"menu_order":0,"comment_status":"closed","ping_status":"closed","template":"elementor_header_footer","meta":{"footnotes":""},"class_list":["post-460","page","type-page","status-publish","hentry"],"_links":{"self":[{"href":"https:\/\/www.aliagro.com.mx\/web\/wp-json\/wp\/v2\/pages\/460","targetHints":{"allow":["GET"]}}],"collection":[{"href":"https:\/\/www.aliagro.com.mx\/web\/wp-json\/wp\/v2\/pages"}],"about":[{"href":"https:\/\/www.aliagro.com.mx\/web\/wp-json\/wp\/v2\/types\/page"}],"author":[{"embeddable":true,"href":"https:\/\/www.aliagro.com.mx\/web\/wp-json\/wp\/v2\/users\/2"}],"replies":[{"embeddable":true,"href":"https:\/\/www.aliagro.com.mx\/web\/wp-json\/wp\/v2\/comments?post=460"}],"version-history":[{"count":4,"href":"https:\/\/www.aliagro.com.mx\/web\/wp-json\/wp\/v2\/pages\/460\/revisions"}],"predecessor-version":[{"id":465,"href":"https:\/\/www.aliagro.com.mx\/web\/wp-json\/wp\/v2\/pages\/460\/revisions\/465"}],"wp:attachment":[{"href":"https:\/\/www.aliagro.com.mx\/web\/wp-json\/wp\/v2\/media?parent=460"}],"curies":[{"name":"wp","href":"https:\/\/api.w.org\/{rel}","templated":true}]}}