{"id":380,"date":"2025-04-03T19:10:14","date_gmt":"2025-04-03T19:10:14","guid":{"rendered":"https:\/\/www.aliagro.com.mx\/web\/?page_id=380"},"modified":"2025-04-14T15:35:50","modified_gmt":"2025-04-14T15:35:50","slug":"mexagral100","status":"publish","type":"page","link":"https:\/\/www.aliagro.com.mx\/web\/mexagral100\/","title":{"rendered":"Mexagral100"},"content":{"rendered":"\t\t<div data-elementor-type=\"wp-page\" data-elementor-id=\"380\" class=\"elementor elementor-380\">\n\t\t\t\t<div class=\"elementor-element elementor-element-40e8f56 e-flex e-con-boxed e-con e-parent\" data-id=\"40e8f56\" data-element_type=\"container\" data-e-type=\"container\" data-settings=\"{&quot;background_background&quot;:&quot;classic&quot;}\">\n\t\t\t\t\t<div class=\"e-con-inner\">\n\t\t<div class=\"elementor-element elementor-element-ae3f697 e-con-full e-flex e-con e-child\" data-id=\"ae3f697\" data-element_type=\"container\" data-e-type=\"container\">\n\t\t\t\t<div class=\"elementor-element elementor-element-4618b3e elementor-widget elementor-widget-image\" data-id=\"4618b3e\" data-element_type=\"widget\" data-e-type=\"widget\" data-widget_type=\"image.default\">\n\t\t\t\t<div class=\"elementor-widget-container\">\n\t\t\t\t\t\t\t\t\t\t\t\t\t\t\t<img fetchpriority=\"high\" decoding=\"async\" width=\"1024\" height=\"164\" src=\"https:\/\/www.aliagro.com.mx\/web\/wp-content\/uploads\/2025\/04\/mexagral100logo-1024x164.png\" class=\"attachment-large size-large wp-image-385\" alt=\"\" srcset=\"https:\/\/www.aliagro.com.mx\/web\/wp-content\/uploads\/2025\/04\/mexagral100logo-1024x164.png 1024w, https:\/\/www.aliagro.com.mx\/web\/wp-content\/uploads\/2025\/04\/mexagral100logo-300x48.png 300w, https:\/\/www.aliagro.com.mx\/web\/wp-content\/uploads\/2025\/04\/mexagral100logo-768x123.png 768w, https:\/\/www.aliagro.com.mx\/web\/wp-content\/uploads\/2025\/04\/mexagral100logo-1536x246.png 1536w, https:\/\/www.aliagro.com.mx\/web\/wp-content\/uploads\/2025\/04\/mexagral100logo-2048x328.png 2048w\" sizes=\"(max-width: 1024px) 100vw, 1024px\" \/>\t\t\t\t\t\t\t\t\t\t\t\t\t\t\t<\/div>\n\t\t\t\t<\/div>\n\t\t\t\t<div class=\"elementor-element elementor-element-19bb3fd elementor-widget elementor-widget-text-editor\" data-id=\"19bb3fd\" data-element_type=\"widget\" data-e-type=\"widget\" data-widget_type=\"text-editor.default\">\n\t\t\t\t<div class=\"elementor-widget-container\">\n\t\t\t\t\t\t\t\t\t<p>BACTERICIDA EN POLVO HUMECTABLE<\/p><p>Sulfato de estreptomicina equivalente a 150g de I.A.\/kg<br \/>Clorhidrato de oxitetraciclina equivalente a 55 g de I.A.\/kg<\/p>\t\t\t\t\t\t\t\t<\/div>\n\t\t\t\t<\/div>\n\t\t\t\t<\/div>\n\t\t<div class=\"elementor-element elementor-element-53ef711 e-con-full e-flex e-con e-child\" data-id=\"53ef711\" data-element_type=\"container\" data-e-type=\"container\" data-settings=\"{&quot;background_background&quot;:&quot;classic&quot;}\">\n\t\t\t\t<div class=\"elementor-element elementor-element-dbe6702 elementor-widget elementor-widget-image\" data-id=\"dbe6702\" data-element_type=\"widget\" data-e-type=\"widget\" data-widget_type=\"image.default\">\n\t\t\t\t<div class=\"elementor-widget-container\">\n\t\t\t\t\t\t\t\t\t\t\t\t\t\t\t<img decoding=\"async\" width=\"1024\" height=\"1024\" src=\"https:\/\/www.aliagro.com.mx\/web\/wp-content\/uploads\/2025\/03\/Mexagral-1024x1024.png\" class=\"attachment-large size-large wp-image-176\" alt=\"\" srcset=\"https:\/\/www.aliagro.com.mx\/web\/wp-content\/uploads\/2025\/03\/Mexagral-1024x1024.png 1024w, https:\/\/www.aliagro.com.mx\/web\/wp-content\/uploads\/2025\/03\/Mexagral-300x300.png 300w, https:\/\/www.aliagro.com.mx\/web\/wp-content\/uploads\/2025\/03\/Mexagral-150x150.png 150w, https:\/\/www.aliagro.com.mx\/web\/wp-content\/uploads\/2025\/03\/Mexagral-768x768.png 768w, https:\/\/www.aliagro.com.mx\/web\/wp-content\/uploads\/2025\/03\/Mexagral-1536x1536.png 1536w, https:\/\/www.aliagro.com.mx\/web\/wp-content\/uploads\/2025\/03\/Mexagral-2048x2048.png 2048w\" sizes=\"(max-width: 1024px) 100vw, 1024px\" \/>\t\t\t\t\t\t\t\t\t\t\t\t\t\t\t<\/div>\n\t\t\t\t<\/div>\n\t\t\t\t<\/div>\n\t\t\t\t\t<\/div>\n\t\t\t\t<\/div>\n\t\t<div class=\"elementor-element elementor-element-663bc5b e-flex e-con-boxed e-con e-parent\" data-id=\"663bc5b\" data-element_type=\"container\" data-e-type=\"container\">\n\t\t\t\t\t<div class=\"e-con-inner\">\n\t\t\t\t<div class=\"elementor-element elementor-element-4fbcbc5 elementor-widget elementor-widget-heading\" data-id=\"4fbcbc5\" data-element_type=\"widget\" data-e-type=\"widget\" data-widget_type=\"heading.default\">\n\t\t\t\t<div class=\"elementor-widget-container\">\n\t\t\t\t\t<h2 class=\"elementor-heading-title elementor-size-default\">Descripci\u00f3n del producto<\/h2>\t\t\t\t<\/div>\n\t\t\t\t<\/div>\n\t\t\t\t<div class=\"elementor-element elementor-element-c6b0226 elementor-widget elementor-widget-text-editor\" data-id=\"c6b0226\" data-element_type=\"widget\" data-e-type=\"widget\" data-widget_type=\"text-editor.default\">\n\t\t\t\t<div class=\"elementor-widget-container\">\n\t\t\t\t\t\t\t\t\t<p>Antiobi\u00f3tico para controlar y prevenir enfermedades causadas por bacterias. Acci\u00f3n sist\u00e9mica protegiendo a la planta de forma interna y externa, capaz de inhibir los procesos vitales de los microorganismos, destruyendo e impidiendo su desarrollo y reproducci\u00f3n.<\/p>\t\t\t\t\t\t\t\t<\/div>\n\t\t\t\t<\/div>\n\t\t\t\t\t<\/div>\n\t\t\t\t<\/div>\n\t\t<div class=\"elementor-element elementor-element-e36e2f2 e-flex e-con-boxed e-con e-parent\" data-id=\"e36e2f2\" data-element_type=\"container\" data-e-type=\"container\">\n\t\t\t\t\t<div class=\"e-con-inner\">\n\t\t\t\t<div class=\"elementor-element elementor-element-cb716f0 elementor-widget elementor-widget-heading\" data-id=\"cb716f0\" data-element_type=\"widget\" data-e-type=\"widget\" data-widget_type=\"heading.default\">\n\t\t\t\t<div class=\"elementor-widget-container\">\n\t\t\t\t\t<h2 class=\"elementor-heading-title elementor-size-default\">M\u00e1s productos<\/h2>\t\t\t\t<\/div>\n\t\t\t\t<\/div>\n\t\t<div class=\"elementor-element elementor-element-e431f33 e-grid e-con-full e-con e-child\" data-id=\"e431f33\" data-element_type=\"container\" data-e-type=\"container\">\n\t\t\t\t<div class=\"elementor-element elementor-element-fadf20d elementor-widget elementor-widget-image\" data-id=\"fadf20d\" data-element_type=\"widget\" data-e-type=\"widget\" data-widget_type=\"image.default\">\n\t\t\t\t<div class=\"elementor-widget-container\">\n\t\t\t\t\t\t\t\t\t\t\t\t\t\t\t<img decoding=\"async\" width=\"417\" height=\"1024\" src=\"https:\/\/www.aliagro.com.mx\/web\/wp-content\/uploads\/2025\/03\/1-417x1024.png\" class=\"elementor-animation-grow attachment-large size-large wp-image-57\" alt=\"\" srcset=\"https:\/\/www.aliagro.com.mx\/web\/wp-content\/uploads\/2025\/03\/1-417x1024.png 417w, https:\/\/www.aliagro.com.mx\/web\/wp-content\/uploads\/2025\/03\/1-122x300.png 122w, https:\/\/www.aliagro.com.mx\/web\/wp-content\/uploads\/2025\/03\/1.png 440w\" sizes=\"(max-width: 417px) 100vw, 417px\" \/>\t\t\t\t\t\t\t\t\t\t\t\t\t\t\t<\/div>\n\t\t\t\t<\/div>\n\t\t\t\t<div class=\"elementor-element elementor-element-006e913 elementor-widget elementor-widget-image\" data-id=\"006e913\" data-element_type=\"widget\" data-e-type=\"widget\" data-widget_type=\"image.default\">\n\t\t\t\t<div class=\"elementor-widget-container\">\n\t\t\t\t\t\t\t\t\t\t\t\t\t\t\t<img loading=\"lazy\" decoding=\"async\" width=\"417\" height=\"1024\" src=\"https:\/\/www.aliagro.com.mx\/web\/wp-content\/uploads\/2025\/03\/6-417x1024.png\" class=\"elementor-animation-grow attachment-large size-large wp-image-58\" alt=\"\" srcset=\"https:\/\/www.aliagro.com.mx\/web\/wp-content\/uploads\/2025\/03\/6-417x1024.png 417w, https:\/\/www.aliagro.com.mx\/web\/wp-content\/uploads\/2025\/03\/6-122x300.png 122w, https:\/\/www.aliagro.com.mx\/web\/wp-content\/uploads\/2025\/03\/6.png 440w\" sizes=\"(max-width: 417px) 100vw, 417px\" \/>\t\t\t\t\t\t\t\t\t\t\t\t\t\t\t<\/div>\n\t\t\t\t<\/div>\n\t\t\t\t<div class=\"elementor-element elementor-element-81f4b55 elementor-widget elementor-widget-image\" data-id=\"81f4b55\" data-element_type=\"widget\" data-e-type=\"widget\" data-widget_type=\"image.default\">\n\t\t\t\t<div class=\"elementor-widget-container\">\n\t\t\t\t\t\t\t\t\t\t\t\t\t\t\t<img loading=\"lazy\" decoding=\"async\" width=\"417\" height=\"1024\" src=\"https:\/\/www.aliagro.com.mx\/web\/wp-content\/uploads\/2025\/03\/8-417x1024.png\" class=\"elementor-animation-grow attachment-large size-large wp-image-60\" alt=\"\" srcset=\"https:\/\/www.aliagro.com.mx\/web\/wp-content\/uploads\/2025\/03\/8-417x1024.png 417w, https:\/\/www.aliagro.com.mx\/web\/wp-content\/uploads\/2025\/03\/8-122x300.png 122w, https:\/\/www.aliagro.com.mx\/web\/wp-content\/uploads\/2025\/03\/8.png 440w\" sizes=\"(max-width: 417px) 100vw, 417px\" \/>\t\t\t\t\t\t\t\t\t\t\t\t\t\t\t<\/div>\n\t\t\t\t<\/div>\n\t\t\t\t<div class=\"elementor-element elementor-element-5532d49 elementor-widget elementor-widget-image\" data-id=\"5532d49\" data-element_type=\"widget\" data-e-type=\"widget\" data-widget_type=\"image.default\">\n\t\t\t\t<div class=\"elementor-widget-container\">\n\t\t\t\t\t\t\t\t\t\t\t\t\t\t\t\t<a href=\"https:\/\/www.aliagro.com.mx\/web\/fungicidas\/\">\n\t\t\t\t\t\t\t<img loading=\"lazy\" decoding=\"async\" width=\"417\" height=\"1024\" src=\"https:\/\/www.aliagro.com.mx\/web\/wp-content\/uploads\/2025\/03\/2-417x1024.png\" class=\"elementor-animation-grow attachment-large size-large wp-image-61\" alt=\"\" srcset=\"https:\/\/www.aliagro.com.mx\/web\/wp-content\/uploads\/2025\/03\/2-417x1024.png 417w, https:\/\/www.aliagro.com.mx\/web\/wp-content\/uploads\/2025\/03\/2-122x300.png 122w, https:\/\/www.aliagro.com.mx\/web\/wp-content\/uploads\/2025\/03\/2.png 440w\" sizes=\"(max-width: 417px) 100vw, 417px\" \/>\t\t\t\t\t\t\t\t<\/a>\n\t\t\t\t\t\t\t\t\t\t\t\t\t\t\t<\/div>\n\t\t\t\t<\/div>\n\t\t\t\t<div class=\"elementor-element elementor-element-dcf07cb elementor-widget elementor-widget-image\" data-id=\"dcf07cb\" data-element_type=\"widget\" data-e-type=\"widget\" data-widget_type=\"image.default\">\n\t\t\t\t<div class=\"elementor-widget-container\">\n\t\t\t\t\t\t\t\t\t\t\t\t\t\t\t<img loading=\"lazy\" decoding=\"async\" width=\"417\" height=\"1024\" src=\"https:\/\/www.aliagro.com.mx\/web\/wp-content\/uploads\/2025\/03\/3-417x1024.png\" class=\"elementor-animation-grow attachment-large size-large wp-image-62\" alt=\"\" srcset=\"https:\/\/www.aliagro.com.mx\/web\/wp-content\/uploads\/2025\/03\/3-417x1024.png 417w, https:\/\/www.aliagro.com.mx\/web\/wp-content\/uploads\/2025\/03\/3-122x300.png 122w, https:\/\/www.aliagro.com.mx\/web\/wp-content\/uploads\/2025\/03\/3.png 440w\" sizes=\"(max-width: 417px) 100vw, 417px\" \/>\t\t\t\t\t\t\t\t\t\t\t\t\t\t\t<\/div>\n\t\t\t\t<\/div>\n\t\t\t\t<div class=\"elementor-element elementor-element-70e5107 elementor-widget elementor-widget-image\" data-id=\"70e5107\" data-element_type=\"widget\" data-e-type=\"widget\" data-widget_type=\"image.default\">\n\t\t\t\t<div class=\"elementor-widget-container\">\n\t\t\t\t\t\t\t\t\t\t\t\t\t\t\t\t<a href=\"https:\/\/www.aliagro.com.mx\/web\/acaricidas\/\">\n\t\t\t\t\t\t\t<img loading=\"lazy\" decoding=\"async\" width=\"417\" height=\"1024\" src=\"https:\/\/www.aliagro.com.mx\/web\/wp-content\/uploads\/2025\/03\/4-417x1024.png\" class=\"elementor-animation-grow attachment-large size-large wp-image-63\" alt=\"\" srcset=\"https:\/\/www.aliagro.com.mx\/web\/wp-content\/uploads\/2025\/03\/4-417x1024.png 417w, https:\/\/www.aliagro.com.mx\/web\/wp-content\/uploads\/2025\/03\/4-122x300.png 122w, https:\/\/www.aliagro.com.mx\/web\/wp-content\/uploads\/2025\/03\/4.png 440w\" sizes=\"(max-width: 417px) 100vw, 417px\" \/>\t\t\t\t\t\t\t\t<\/a>\n\t\t\t\t\t\t\t\t\t\t\t\t\t\t\t<\/div>\n\t\t\t\t<\/div>\n\t\t\t\t<div class=\"elementor-element elementor-element-0d81244 elementor-widget elementor-widget-image\" data-id=\"0d81244\" data-element_type=\"widget\" data-e-type=\"widget\" data-widget_type=\"image.default\">\n\t\t\t\t<div class=\"elementor-widget-container\">\n\t\t\t\t\t\t\t\t\t\t\t\t\t\t\t<img loading=\"lazy\" decoding=\"async\" width=\"417\" height=\"1024\" src=\"https:\/\/www.aliagro.com.mx\/web\/wp-content\/uploads\/2025\/03\/5-417x1024.png\" class=\"elementor-animation-grow attachment-large size-large wp-image-64\" alt=\"\" srcset=\"https:\/\/www.aliagro.com.mx\/web\/wp-content\/uploads\/2025\/03\/5-417x1024.png 417w, https:\/\/www.aliagro.com.mx\/web\/wp-content\/uploads\/2025\/03\/5-122x300.png 122w, https:\/\/www.aliagro.com.mx\/web\/wp-content\/uploads\/2025\/03\/5.png 440w\" sizes=\"(max-width: 417px) 100vw, 417px\" \/>\t\t\t\t\t\t\t\t\t\t\t\t\t\t\t<\/div>\n\t\t\t\t<\/div>\n\t\t\t\t<\/div>\n\t\t\t\t\t<\/div>\n\t\t\t\t<\/div>\n\t\t\t\t<\/div>\n\t\t","protected":false},"excerpt":{"rendered":"<p>BACTERICIDA EN POLVO HUMECTABLE Sulfato de estreptomicina equivalente a 150g de I.A.\/kgClorhidrato de oxitetraciclina equivalente a 55 g de I.A.\/kg Descripci\u00f3n del producto Antiobi\u00f3tico para controlar y prevenir enfermedades causadas por bacterias. Acci\u00f3n sist\u00e9mica protegiendo a la planta de forma interna y externa, capaz de inhibir los procesos vitales de los microorganismos, destruyendo e impidiendo [&hellip;]<\/p>\n","protected":false},"author":2,"featured_media":0,"parent":0,"menu_order":0,"comment_status":"closed","ping_status":"closed","template":"elementor_header_footer","meta":{"footnotes":""},"class_list":["post-380","page","type-page","status-publish","hentry"],"_links":{"self":[{"href":"https:\/\/www.aliagro.com.mx\/web\/wp-json\/wp\/v2\/pages\/380","targetHints":{"allow":["GET"]}}],"collection":[{"href":"https:\/\/www.aliagro.com.mx\/web\/wp-json\/wp\/v2\/pages"}],"about":[{"href":"https:\/\/www.aliagro.com.mx\/web\/wp-json\/wp\/v2\/types\/page"}],"author":[{"embeddable":true,"href":"https:\/\/www.aliagro.com.mx\/web\/wp-json\/wp\/v2\/users\/2"}],"replies":[{"embeddable":true,"href":"https:\/\/www.aliagro.com.mx\/web\/wp-json\/wp\/v2\/comments?post=380"}],"version-history":[{"count":10,"href":"https:\/\/www.aliagro.com.mx\/web\/wp-json\/wp\/v2\/pages\/380\/revisions"}],"predecessor-version":[{"id":480,"href":"https:\/\/www.aliagro.com.mx\/web\/wp-json\/wp\/v2\/pages\/380\/revisions\/480"}],"wp:attachment":[{"href":"https:\/\/www.aliagro.com.mx\/web\/wp-json\/wp\/v2\/media?parent=380"}],"curies":[{"name":"wp","href":"https:\/\/api.w.org\/{rel}","templated":true}]}}